{"id":10359,"date":"2023-02-10T11:13:34","date_gmt":"2023-02-10T11:13:34","guid":{"rendered":"https:\/\/meditation-innerebildung.com\/oferta-de-cursos\/"},"modified":"2025-11-07T06:52:51","modified_gmt":"2025-11-07T06:52:51","slug":"kursangebot","status":"publish","type":"page","link":"https:\/\/meditation-innerebildung.com\/de\/kursangebot\/","title":{"rendered":"Kursangebot"},"content":{"rendered":"\t\t<div data-elementor-type=\"wp-page\" data-elementor-id=\"10359\" class=\"elementor elementor-10359 elementor-6241\">\n\t\t\t\t\t\t\t\t\t<section class=\"elementor-section elementor-top-section elementor-element elementor-element-d745215 elementor-section-boxed elementor-section-height-default elementor-section-height-default\" data-id=\"d745215\" data-element_type=\"section\">\n\t\t\t\t\t\t<div class=\"elementor-container elementor-column-gap-custom\">\n\t\t\t\t\t<div class=\"elementor-column elementor-col-50 elementor-top-column elementor-element elementor-element-2c7c464\" data-id=\"2c7c464\" data-element_type=\"column\">\n\t\t\t<div class=\"elementor-widget-wrap elementor-element-populated\">\n\t\t\t\t\t\t\t\t<div class=\"elementor-element elementor-element-9a0f7a5 elementor-invisible elementor-widget elementor-widget-text-editor\" data-id=\"9a0f7a5\" data-element_type=\"widget\" data-settings=\"{&quot;_animation&quot;:&quot;fadeIn&quot;}\" data-widget_type=\"text-editor.default\">\n\t\t\t\t<div class=\"elementor-widget-container\">\n\t\t\t<style>\/*! elementor - v3.15.0 - 09-08-2023 *\/\n.elementor-widget-text-editor.elementor-drop-cap-view-stacked .elementor-drop-cap{background-color:#69727d;color:#fff}.elementor-widget-text-editor.elementor-drop-cap-view-framed .elementor-drop-cap{color:#69727d;border:3px solid;background-color:transparent}.elementor-widget-text-editor:not(.elementor-drop-cap-view-default) .elementor-drop-cap{margin-top:8px}.elementor-widget-text-editor:not(.elementor-drop-cap-view-default) .elementor-drop-cap-letter{width:1em;height:1em}.elementor-widget-text-editor .elementor-drop-cap{float:left;text-align:center;line-height:1;font-size:50px}.elementor-widget-text-editor .elementor-drop-cap-letter{display:inline-block}<\/style>\t\t\t\t<p>In unseren Kursen, <b>Die Kunst zu Leben\u201c<\/b> lernen Sie, die Einfl\u00fcsse zu erkennen, die uns daran hindern, in Freude und Ausgeglichenheit zu leben und wie wir diese Einfl\u00fcsse transformieren k\u00f6nnen.<\/p><p><b>Work-Life-Balance, Resilienz, Stressreduzierung, Selbstreflektion, Meditation<\/b> sind einige Themen, die wir behandeln werden. Wir erproben die Bedeutung von Aufmerksamkeit und Konzentration, um im \u201eHier &amp; Jetzt\u201c zu sein. Sie erkennen, dass die inneren Zust\u00e4nde von Ausgeglichenheit, Ruhe, Gl\u00fcck usw., nach denen wir uns immer sehnen, unabh\u00e4ngig von \u00e4u\u00dferen Umst\u00e4nden st\u00e4ndig in uns vorhanden sind. Sie warten nur darauf, ausgedr\u00fcckt zu werden. .<\/p>\t\t\t\t\t\t<\/div>\n\t\t\t\t<\/div>\n\t\t\t\t\t<\/div>\n\t\t<\/div>\n\t\t\t\t<div class=\"elementor-column elementor-col-50 elementor-top-column elementor-element elementor-element-729c330\" data-id=\"729c330\" data-element_type=\"column\">\n\t\t\t<div class=\"elementor-widget-wrap elementor-element-populated\">\n\t\t\t\t\t\t\t\t<div class=\"elementor-element elementor-element-fc26e6f elementor-invisible elementor-widget elementor-widget-image\" data-id=\"fc26e6f\" data-element_type=\"widget\" data-settings=\"{&quot;_animation&quot;:&quot;fadeIn&quot;}\" data-widget_type=\"image.default\">\n\t\t\t\t<div class=\"elementor-widget-container\">\n\t\t\t<style>\/*! elementor - v3.15.0 - 09-08-2023 *\/\n.elementor-widget-image{text-align:center}.elementor-widget-image a{display:inline-block}.elementor-widget-image a img[src$=\".svg\"]{width:48px}.elementor-widget-image img{vertical-align:middle;display:inline-block}<\/style>\t\t\t\t\t\t\t\t\t\t\t\t<img decoding=\"async\" width=\"566\" height=\"347\" src=\"https:\/\/meditation-innerebildung.com\/wp-content\/uploads\/2023\/07\/ofertas-cursos-meditacion-malaga.webp\" class=\"attachment-full size-full wp-image-10202\" alt=\"El arte de vivir: Cursos de Meditaci\u00f3n en M\u00e1laga\" srcset=\"https:\/\/meditation-innerebildung.com\/wp-content\/uploads\/2023\/07\/ofertas-cursos-meditacion-malaga.webp 566w, https:\/\/meditation-innerebildung.com\/wp-content\/uploads\/2023\/07\/ofertas-cursos-meditacion-malaga-300x184.webp 300w\" sizes=\"(max-width: 566px) 100vw, 566px\" \/>\t\t\t\t\t\t\t\t\t\t\t\t\t\t\t<\/div>\n\t\t\t\t<\/div>\n\t\t\t\t\t<\/div>\n\t\t<\/div>\n\t\t\t\t\t\t\t<\/div>\n\t\t<\/section>\n\t\t\t\t<section class=\"elementor-section elementor-top-section elementor-element elementor-element-1ecfd4f elementor-section-boxed elementor-section-height-default elementor-section-height-default\" data-id=\"1ecfd4f\" data-element_type=\"section\">\n\t\t\t\t\t\t<div class=\"elementor-container elementor-column-gap-custom\">\n\t\t\t\t\t<div class=\"elementor-column elementor-col-100 elementor-top-column elementor-element elementor-element-6760279\" data-id=\"6760279\" data-element_type=\"column\">\n\t\t\t<div class=\"elementor-widget-wrap elementor-element-populated\">\n\t\t\t\t\t\t\t\t<div class=\"elementor-element elementor-element-9d43d5b elementor-invisible elementor-widget elementor-widget-heading\" data-id=\"9d43d5b\" data-element_type=\"widget\" data-settings=\"{&quot;_animation&quot;:&quot;fadeIn&quot;}\" data-widget_type=\"heading.default\">\n\t\t\t\t<div class=\"elementor-widget-container\">\n\t\t\t<style>\/*! elementor - v3.15.0 - 09-08-2023 *\/\n.elementor-heading-title{padding:0;margin:0;line-height:1}.elementor-widget-heading .elementor-heading-title[class*=elementor-size-]>a{color:inherit;font-size:inherit;line-height:inherit}.elementor-widget-heading .elementor-heading-title.elementor-size-small{font-size:15px}.elementor-widget-heading .elementor-heading-title.elementor-size-medium{font-size:19px}.elementor-widget-heading .elementor-heading-title.elementor-size-large{font-size:29px}.elementor-widget-heading .elementor-heading-title.elementor-size-xl{font-size:39px}.elementor-widget-heading .elementor-heading-title.elementor-size-xxl{font-size:59px}<\/style><h2 class=\"elementor-heading-title elementor-size-default\">Achtsamkeit bedeutet, seine Aufmerksamkeit bewusst zu lenken und sich auf den gegenw\u00e4rtigen Moment zu konzentrieren.<\/h2>\t\t<\/div>\n\t\t\t\t<\/div>\n\t\t\t\t\t<\/div>\n\t\t<\/div>\n\t\t\t\t\t\t\t<\/div>\n\t\t<\/section>\n\t\t\t\t<section class=\"elementor-section elementor-top-section elementor-element elementor-element-fff3213 elementor-section-boxed elementor-section-height-default elementor-section-height-default\" data-id=\"fff3213\" data-element_type=\"section\">\n\t\t\t\t\t\t<div class=\"elementor-container elementor-column-gap-custom\">\n\t\t\t\t\t<div class=\"elementor-column elementor-col-50 elementor-top-column elementor-element elementor-element-4a5e7b0\" data-id=\"4a5e7b0\" data-element_type=\"column\">\n\t\t\t<div class=\"elementor-widget-wrap elementor-element-populated\">\n\t\t\t\t\t\t\t\t<div class=\"elementor-element elementor-element-a528d67 elementor-widget elementor-widget-heading\" data-id=\"a528d67\" data-element_type=\"widget\" data-settings=\"{&quot;_animation&quot;:&quot;none&quot;}\" data-widget_type=\"heading.default\">\n\t\t\t\t<div class=\"elementor-widget-container\">\n\t\t\t<h2 class=\"elementor-heading-title elementor-size-default\">Programm ab November 2025<\/h2>\t\t<\/div>\n\t\t\t\t<\/div>\n\t\t\t\t<div class=\"elementor-element elementor-element-30a3ab0 elementor-widget__width-initial elementor-invisible elementor-widget elementor-widget-text-editor\" data-id=\"30a3ab0\" data-element_type=\"widget\" data-settings=\"{&quot;_animation&quot;:&quot;fadeIn&quot;}\" data-widget_type=\"text-editor.default\">\n\t\t\t\t<div class=\"elementor-widget-container\">\n\t\t\t\t\t\t\t<p><strong style=\"letter-spacing: 0px;\">MEHRW\u00d6CHIGER KURS (8 Termine)<\/strong><span style=\"letter-spacing: 0px;\">: \u00b7<\/span><\/p><p><span style=\"text-decoration: underline;\"><strong>Einf\u00fchrung in die Meditation &amp; Gnosis<\/strong><br \/><\/span>(je 90 Minuten Theorie und Meditation)<\/p><p>1x pro Woche, sie k\u00f6nnen zwischen zwei Kursen w\u00e4hlen.\u00a0<\/p><p><u><b>Kursbeginn<\/b><\/u>:<\/p><ul><li><b style=\"letter-spacing: 0px;\">Mittwochs\u00a0 \u00a0 \u00a0<\/b><span style=\"letter-spacing: 0px;\">ab <\/span><b style=\"letter-spacing: 0px;\">26.11.25<\/b><span style=\"letter-spacing: 0px;\"> von 19.30 &#8211; 21.00 Uhr\u00a0 oder<\/span><\/li><li><span style=\"letter-spacing: 0px;\"><b>Donnerstags <\/b>ab <b>27.11.25<\/b> von 17.30 &#8211; 19.00 Uhr<\/span><\/li><\/ul><div>Ein weiterer Kurs beginnt im Januar 2026<\/div><div><ul><li><b>Donnerstags <\/b>ab <b>29.01.26 <\/b>von 17.30 &#8211; 19.00 Uhr<\/li><\/ul><\/div><p>Ein sp\u00e4terer Einstieg ist nach Absprache m\u00f6glich.<\/p><p>Wir helfen den Menschen Zugang zu dem zu finden, wonach sie sich innerlich sehnen &#8211; mehr Freiheit, Freude und Inneren Frieden, aber auch spirituelle Entwicklung. <br \/>Dieser Kurs f\u00f6rdert die Selbsterkenntnis mittels des Studiums und Anwendung des Wissens alter Kulturen kombiniert mit der Praxis der Meditation.<\/p><p>\u00a0<\/p><p><b>KINDERKURS<\/b>: <b>Gesunder Geist in gesundem K\u00f6rper (8 Termine)<\/b><br \/>Kleingruppe f\u00fcr Kinder im Alter von 6-9 Jahren oder 10-13 Jahren<\/p><p>Dieser Kurs integriert Elemente der Waldorfp\u00e4dagogik, Atemtechniken und Meditation und unterst\u00fctzt die Kinder in der Wahrnehmung von sich selbst und ihrem Umfeld. Die Kinder lernen, eine gesunde Beziehung zwischen sich und ihrem K\u00f6rper zu st\u00e4rken, ihr Gef\u00fchlsleben besser zu verstehen und somit mehr innere Harmonie zu erreichen.<\/p><p>Eine Klasse pro Woche. <br \/>Die Eltern k\u00f6nnen parallel am Erwachsenenkurs &#8222;<span style=\"font-weight: bold; letter-spacing: 0px;\">Einf\u00fchrung in die Meditation &amp; Gnosis&#8220;\u00a0<\/span><span style=\"letter-spacing: 0px;\">\u00a0teilnehmen.\u00a0<\/span><\/p><p><span style=\"letter-spacing: 0px;\"><b><u>Kursbeginn<\/u><\/b>:<br \/><\/span><\/p><ul><li><b style=\"letter-spacing: 0px;\">Donnerstags <\/b><span style=\"letter-spacing: 0px;\">ab <\/span><b style=\"letter-spacing: 0px;\">27.11.25 <\/b><span style=\"letter-spacing: 0px;\">von 17.30 &#8211; 19.00 Uhr<\/span><\/li><\/ul><div>Ein weiterer Kurs beginnt im Januar 2026<\/div><div><ul><li><b>Donnerstags <\/b>ab <b>29.01.26 <\/b>von 17.30 &#8211; 19.00 Uhr<\/li><\/ul><div>\u00a0<\/div><\/div><p><span style=\"font-weight: bold; letter-spacing: 0px;\">WORKSHOP<\/span><span style=\"letter-spacing: 0px;\">:\u00a0<\/span><\/p><p><strong style=\"letter-spacing: 0px;\"><span style=\"text-decoration-line: underline;\">Beziehungen &#8211; So geht\u00b4s<\/span><\/strong><\/p><ul><li><span style=\"font-weight: bold;\">Samstag 07.02.26<\/span>\u00a0von 10.00 bis 17.00 Uhr<\/li><\/ul><p><span style=\"letter-spacing: 0px;\">In diesem Kurs schauen wir auch folgende Themen, die unser Verst\u00e4ndnis einer Beziehung grundlegend ver\u00e4ndern kann und somit eine Grundlage f\u00fcr eine Partnerschaft legt, die dauerhaft funktioniert. Dies gilt nicht nur f\u00fcr Paare sondern auch in der Familie oder mit sich selbst.<\/span><\/p><ul><li>Was erwarten wir von einer Beziehung?<\/li><li>Welche Probleme kennen wir in der Beziehung?<\/li><li>Warum verstehen wir uns nicht?<\/li><li>Wie funktioniert eine Beziehung?<\/li><li>Was hat Einfluss auf die Beziehung?<br \/>&#8211; Umfeld, Familie <br \/>&#8211; Egostrukturen<br \/>&#8211; Planeten<br \/>&#8211; Karma<\/li><\/ul>\t\t\t\t\t\t<\/div>\n\t\t\t\t<\/div>\n\t\t\t\t<div class=\"elementor-element elementor-element-fa93f1e elementor-align-center elementor-widget__width-initial e-transform elementor-widget elementor-widget-button\" data-id=\"fa93f1e\" data-element_type=\"widget\" data-settings=\"{&quot;_transform_scale_effect_hover&quot;:{&quot;unit&quot;:&quot;px&quot;,&quot;size&quot;:&quot;&quot;,&quot;sizes&quot;:[]},&quot;_transform_scale_effect_hover_tablet&quot;:{&quot;unit&quot;:&quot;px&quot;,&quot;size&quot;:&quot;&quot;,&quot;sizes&quot;:[]},&quot;_transform_scale_effect_hover_mobile&quot;:{&quot;unit&quot;:&quot;px&quot;,&quot;size&quot;:&quot;&quot;,&quot;sizes&quot;:[]}}\" data-widget_type=\"button.default\">\n\t\t\t\t<div class=\"elementor-widget-container\">\n\t\t\t\t\t<div class=\"elementor-button-wrapper\">\n\t\t\t<a class=\"elementor-button elementor-button-link elementor-size-lg\" href=\"\/de\/meditation\/\">\n\t\t\t\t\t\t<span class=\"elementor-button-content-wrapper\">\n\t\t\t\t\t\t<span class=\"elementor-button-text\">Meditation<\/span>\n\t\t<\/span>\n\t\t\t\t\t<\/a>\n\t\t<\/div>\n\t\t\t\t<\/div>\n\t\t\t\t<\/div>\n\t\t\t\t<div class=\"elementor-element elementor-element-a0e7023 elementor-align-center elementor-widget__width-initial e-transform elementor-widget elementor-widget-button\" data-id=\"a0e7023\" data-element_type=\"widget\" data-settings=\"{&quot;_transform_scale_effect_hover&quot;:{&quot;unit&quot;:&quot;px&quot;,&quot;size&quot;:&quot;&quot;,&quot;sizes&quot;:[]},&quot;_transform_scale_effect_hover_tablet&quot;:{&quot;unit&quot;:&quot;px&quot;,&quot;size&quot;:&quot;&quot;,&quot;sizes&quot;:[]},&quot;_transform_scale_effect_hover_mobile&quot;:{&quot;unit&quot;:&quot;px&quot;,&quot;size&quot;:&quot;&quot;,&quot;sizes&quot;:[]}}\" data-widget_type=\"button.default\">\n\t\t\t\t<div class=\"elementor-widget-container\">\n\t\t\t\t\t<div class=\"elementor-button-wrapper\">\n\t\t\t<a class=\"elementor-button elementor-button-link elementor-size-lg\" href=\"\/de\/neurowissenschaft-und-meditation\/\">\n\t\t\t\t\t\t<span class=\"elementor-button-content-wrapper\">\n\t\t\t\t\t\t<span class=\"elementor-button-text\">Neurowissenschaft und Meditation<\/span>\n\t\t<\/span>\n\t\t\t\t\t<\/a>\n\t\t<\/div>\n\t\t\t\t<\/div>\n\t\t\t\t<\/div>\n\t\t\t\t\t<\/div>\n\t\t<\/div>\n\t\t\t\t<div class=\"elementor-column elementor-col-50 elementor-top-column elementor-element elementor-element-97d7ddd\" data-id=\"97d7ddd\" data-element_type=\"column\">\n\t\t\t<div class=\"elementor-widget-wrap elementor-element-populated\">\n\t\t\t\t\t\t\t\t<div class=\"elementor-element elementor-element-854dd64 elementor-widget elementor-widget-image\" data-id=\"854dd64\" data-element_type=\"widget\" data-widget_type=\"image.default\">\n\t\t\t\t<div class=\"elementor-widget-container\">\n\t\t\t\t\t\t\t\t\t\t\t\t\t\t\t<img decoding=\"async\" width=\"566\" height=\"347\" src=\"https:\/\/meditation-innerebildung.com\/wp-content\/uploads\/2023\/06\/relaciones-exitosas-en-malaga.webp\" class=\"attachment-full size-full wp-image-9398\" alt=\"Relaciones Exitosas\" srcset=\"https:\/\/meditation-innerebildung.com\/wp-content\/uploads\/2023\/06\/relaciones-exitosas-en-malaga.webp 566w, https:\/\/meditation-innerebildung.com\/wp-content\/uploads\/2023\/06\/relaciones-exitosas-en-malaga-300x184.webp 300w\" sizes=\"(max-width: 566px) 100vw, 566px\" \/>\t\t\t\t\t\t\t\t\t\t\t\t\t\t\t<\/div>\n\t\t\t\t<\/div>\n\t\t\t\t<div class=\"elementor-element elementor-element-95a833f elementor-invisible elementor-widget elementor-widget-text-editor\" data-id=\"95a833f\" data-element_type=\"widget\" data-settings=\"{&quot;_animation&quot;:&quot;fadeIn&quot;}\" data-widget_type=\"text-editor.default\">\n\t\t\t\t<div class=\"elementor-widget-container\">\n\t\t\t\t\t\t\t\t\t\t\t\t\t<\/div>\n\t\t\t\t<\/div>\n\t\t\t\t\t<\/div>\n\t\t<\/div>\n\t\t\t\t\t\t\t<\/div>\n\t\t<\/section>\n\t\t\t\t\t\t\t<\/div>\n\t\t","protected":false},"excerpt":{"rendered":"<p>In unseren Kursen, Die Kunst zu Leben\u201c lernen Sie, die Einfl\u00fcsse zu erkennen, die uns daran hindern, in Freude und Ausgeglichenheit zu leben und wie wir diese Einfl\u00fcsse transformieren k\u00f6nnen. Work-Life-Balance, Resilienz, Stressreduzierung, Selbstreflektion, Meditation sind einige Themen, die wir behandeln werden. Wir erproben die Bedeutung von [&hellip;]<\/p>\n","protected":false},"author":1,"featured_media":0,"parent":0,"menu_order":0,"comment_status":"closed","ping_status":"closed","template":"","meta":{"footnotes":""},"class_list":["post-10359","page","type-page","status-publish","hentry"],"yoast_head":"<!-- This site is optimized with the Yoast SEO Premium plugin v20.13 (Yoast SEO v20.13) - https:\/\/yoast.com\/wordpress\/plugins\/seo\/ -->\n<title>Kursangebot - Meditation Innerebuildung<\/title>\n<meta name=\"robots\" content=\"index, follow, max-snippet:-1, max-image-preview:large, max-video-preview:-1\" \/>\n<link rel=\"canonical\" href=\"https:\/\/meditation-innerebildung.com\/de\/kursangebot\/\" \/>\n<meta property=\"og:locale\" content=\"de_DE\" \/>\n<meta property=\"og:type\" content=\"article\" \/>\n<meta property=\"og:title\" content=\"Kursangebot\" \/>\n<meta property=\"og:description\" content=\"In unseren Kursen, Die Kunst zu Leben\u201c lernen Sie, die Einfl\u00fcsse zu erkennen, die uns daran hindern, in Freude und Ausgeglichenheit zu leben und wie wir diese Einfl\u00fcsse transformieren k\u00f6nnen. Work-Life-Balance, Resilienz, Stressreduzierung, Selbstreflektion, Meditation sind einige Themen, die wir behandeln werden. Wir erproben die Bedeutung von [&hellip;]\" \/>\n<meta property=\"og:url\" content=\"https:\/\/meditation-innerebildung.com\/de\/kursangebot\/\" \/>\n<meta property=\"og:site_name\" content=\"Meditation Innerebuildung\" \/>\n<meta property=\"article:modified_time\" content=\"2025-11-07T06:52:51+00:00\" \/>\n<meta property=\"og:image\" content=\"https:\/\/meditation-innerebildung.com\/wp-content\/uploads\/2023\/07\/ofertas-cursos-meditacion-malaga.webp\" \/>\n<meta name=\"twitter:card\" content=\"summary_large_image\" \/>\n<meta name=\"twitter:label1\" content=\"Gesch\u00e4tzte Lesezeit\" \/>\n\t<meta name=\"twitter:data1\" content=\"3\u00a0Minuten\" \/>\n<script type=\"application\/ld+json\" class=\"yoast-schema-graph\">{\"@context\":\"https:\/\/schema.org\",\"@graph\":[{\"@type\":\"WebPage\",\"@id\":\"https:\/\/meditation-innerebildung.com\/de\/kursangebot\/\",\"url\":\"https:\/\/meditation-innerebildung.com\/de\/kursangebot\/\",\"name\":\"Kursangebot - Meditation Innerebuildung\",\"isPartOf\":{\"@id\":\"https:\/\/meditation-innerebildung.com\/#website\"},\"datePublished\":\"2023-02-10T11:13:34+00:00\",\"dateModified\":\"2025-11-07T06:52:51+00:00\",\"breadcrumb\":{\"@id\":\"https:\/\/meditation-innerebildung.com\/de\/kursangebot\/#breadcrumb\"},\"inLanguage\":\"de\",\"potentialAction\":[{\"@type\":\"ReadAction\",\"target\":[\"https:\/\/meditation-innerebildung.com\/de\/kursangebot\/\"]}]},{\"@type\":\"BreadcrumbList\",\"@id\":\"https:\/\/meditation-innerebildung.com\/de\/kursangebot\/#breadcrumb\",\"itemListElement\":[{\"@type\":\"ListItem\",\"position\":1,\"name\":\"Home\",\"item\":\"https:\/\/meditation-innerebildung.com\/de\/\"},{\"@type\":\"ListItem\",\"position\":2,\"name\":\"Kursangebot\"}]},{\"@type\":\"WebSite\",\"@id\":\"https:\/\/meditation-innerebildung.com\/#website\",\"url\":\"https:\/\/meditation-innerebildung.com\/\",\"name\":\"Meditation Innerebuildung\",\"description\":\"Centro de meditaci\u00f3n y educaci\u00f3n interior\",\"publisher\":{\"@id\":\"https:\/\/meditation-innerebildung.com\/#organization\"},\"potentialAction\":[{\"@type\":\"SearchAction\",\"target\":{\"@type\":\"EntryPoint\",\"urlTemplate\":\"https:\/\/meditation-innerebildung.com\/?s={search_term_string}\"},\"query-input\":\"required name=search_term_string\"}],\"inLanguage\":\"de\"},{\"@type\":\"Organization\",\"@id\":\"https:\/\/meditation-innerebildung.com\/#organization\",\"name\":\"Meditation Innerebuildung\",\"url\":\"https:\/\/meditation-innerebildung.com\/\",\"logo\":{\"@type\":\"ImageObject\",\"inLanguage\":\"de\",\"@id\":\"https:\/\/meditation-innerebildung.com\/#\/schema\/logo\/image\/\",\"url\":\"https:\/\/meditation-innerebildung.com\/wp-content\/uploads\/2023\/07\/logo-meditation-innerebildung.webp\",\"contentUrl\":\"https:\/\/meditation-innerebildung.com\/wp-content\/uploads\/2023\/07\/logo-meditation-innerebildung.webp\",\"width\":250,\"height\":125,\"caption\":\"Meditation Innerebuildung\"},\"image\":{\"@id\":\"https:\/\/meditation-innerebildung.com\/#\/schema\/logo\/image\/\"}}]}<\/script>\n<!-- \/ Yoast SEO Premium plugin. -->","yoast_head_json":{"title":"Kursangebot - Meditation Innerebuildung","robots":{"index":"index","follow":"follow","max-snippet":"max-snippet:-1","max-image-preview":"max-image-preview:large","max-video-preview":"max-video-preview:-1"},"canonical":"https:\/\/meditation-innerebildung.com\/de\/kursangebot\/","og_locale":"de_DE","og_type":"article","og_title":"Kursangebot","og_description":"In unseren Kursen, Die Kunst zu Leben\u201c lernen Sie, die Einfl\u00fcsse zu erkennen, die uns daran hindern, in Freude und Ausgeglichenheit zu leben und wie wir diese Einfl\u00fcsse transformieren k\u00f6nnen. Work-Life-Balance, Resilienz, Stressreduzierung, Selbstreflektion, Meditation sind einige Themen, die wir behandeln werden. Wir erproben die Bedeutung von [&hellip;]","og_url":"https:\/\/meditation-innerebildung.com\/de\/kursangebot\/","og_site_name":"Meditation Innerebuildung","article_modified_time":"2025-11-07T06:52:51+00:00","og_image":[{"url":"https:\/\/meditation-innerebildung.com\/wp-content\/uploads\/2023\/07\/ofertas-cursos-meditacion-malaga.webp"}],"twitter_card":"summary_large_image","twitter_misc":{"Gesch\u00e4tzte Lesezeit":"3\u00a0Minuten"},"schema":{"@context":"https:\/\/schema.org","@graph":[{"@type":"WebPage","@id":"https:\/\/meditation-innerebildung.com\/de\/kursangebot\/","url":"https:\/\/meditation-innerebildung.com\/de\/kursangebot\/","name":"Kursangebot - Meditation Innerebuildung","isPartOf":{"@id":"https:\/\/meditation-innerebildung.com\/#website"},"datePublished":"2023-02-10T11:13:34+00:00","dateModified":"2025-11-07T06:52:51+00:00","breadcrumb":{"@id":"https:\/\/meditation-innerebildung.com\/de\/kursangebot\/#breadcrumb"},"inLanguage":"de","potentialAction":[{"@type":"ReadAction","target":["https:\/\/meditation-innerebildung.com\/de\/kursangebot\/"]}]},{"@type":"BreadcrumbList","@id":"https:\/\/meditation-innerebildung.com\/de\/kursangebot\/#breadcrumb","itemListElement":[{"@type":"ListItem","position":1,"name":"Home","item":"https:\/\/meditation-innerebildung.com\/de\/"},{"@type":"ListItem","position":2,"name":"Kursangebot"}]},{"@type":"WebSite","@id":"https:\/\/meditation-innerebildung.com\/#website","url":"https:\/\/meditation-innerebildung.com\/","name":"Meditation Innerebuildung","description":"Centro de meditaci\u00f3n y educaci\u00f3n interior","publisher":{"@id":"https:\/\/meditation-innerebildung.com\/#organization"},"potentialAction":[{"@type":"SearchAction","target":{"@type":"EntryPoint","urlTemplate":"https:\/\/meditation-innerebildung.com\/?s={search_term_string}"},"query-input":"required name=search_term_string"}],"inLanguage":"de"},{"@type":"Organization","@id":"https:\/\/meditation-innerebildung.com\/#organization","name":"Meditation Innerebuildung","url":"https:\/\/meditation-innerebildung.com\/","logo":{"@type":"ImageObject","inLanguage":"de","@id":"https:\/\/meditation-innerebildung.com\/#\/schema\/logo\/image\/","url":"https:\/\/meditation-innerebildung.com\/wp-content\/uploads\/2023\/07\/logo-meditation-innerebildung.webp","contentUrl":"https:\/\/meditation-innerebildung.com\/wp-content\/uploads\/2023\/07\/logo-meditation-innerebildung.webp","width":250,"height":125,"caption":"Meditation Innerebuildung"},"image":{"@id":"https:\/\/meditation-innerebildung.com\/#\/schema\/logo\/image\/"}}]}},"_links":{"self":[{"href":"https:\/\/meditation-innerebildung.com\/de\/wp-json\/wp\/v2\/pages\/10359","targetHints":{"allow":["GET"]}}],"collection":[{"href":"https:\/\/meditation-innerebildung.com\/de\/wp-json\/wp\/v2\/pages"}],"about":[{"href":"https:\/\/meditation-innerebildung.com\/de\/wp-json\/wp\/v2\/types\/page"}],"author":[{"embeddable":true,"href":"https:\/\/meditation-innerebildung.com\/de\/wp-json\/wp\/v2\/users\/1"}],"replies":[{"embeddable":true,"href":"https:\/\/meditation-innerebildung.com\/de\/wp-json\/wp\/v2\/comments?post=10359"}],"version-history":[{"count":0,"href":"https:\/\/meditation-innerebildung.com\/de\/wp-json\/wp\/v2\/pages\/10359\/revisions"}],"wp:attachment":[{"href":"https:\/\/meditation-innerebildung.com\/de\/wp-json\/wp\/v2\/media?parent=10359"}],"curies":[{"name":"wp","href":"https:\/\/api.w.org\/{rel}","templated":true}]}}