{"id":10416,"date":"2023-06-30T10:33:35","date_gmt":"2023-06-30T10:33:35","guid":{"rendered":"https:\/\/meditation-innerebildung.com\/cursos-meditacion-yoga-manejo-estres-para-empresas\/"},"modified":"2023-07-25T10:22:48","modified_gmt":"2023-07-25T10:22:48","slug":"yoga-meditation-stress-management-kurse-fuer-unternehmen","status":"publish","type":"page","link":"https:\/\/meditation-innerebildung.com\/de\/yoga-meditation-stress-management-kurse-fuer-unternehmen\/","title":{"rendered":"F\u00fcr Unternehmen"},"content":{"rendered":"\t\t<div data-elementor-type=\"wp-page\" data-elementor-id=\"10416\" class=\"elementor elementor-10416 elementor-9674\">\n\t\t\t\t\t\t\t\t\t<section class=\"elementor-section elementor-top-section elementor-element elementor-element-d745215 elementor-section-boxed elementor-section-height-default elementor-section-height-default\" data-id=\"d745215\" data-element_type=\"section\">\n\t\t\t\t\t\t<div class=\"elementor-container elementor-column-gap-custom\">\n\t\t\t\t\t<div class=\"elementor-column elementor-col-50 elementor-top-column elementor-element elementor-element-2c7c464\" data-id=\"2c7c464\" data-element_type=\"column\">\n\t\t\t<div class=\"elementor-widget-wrap elementor-element-populated\">\n\t\t\t\t\t\t\t\t<div class=\"elementor-element elementor-element-639e3c7 elementor-widget elementor-widget-heading\" data-id=\"639e3c7\" data-element_type=\"widget\" data-settings=\"{&quot;_animation&quot;:&quot;none&quot;}\" data-widget_type=\"heading.default\">\n\t\t\t\t<div class=\"elementor-widget-container\">\n\t\t\t<style>\/*! elementor - v3.15.0 - 09-08-2023 *\/\n.elementor-heading-title{padding:0;margin:0;line-height:1}.elementor-widget-heading .elementor-heading-title[class*=elementor-size-]>a{color:inherit;font-size:inherit;line-height:inherit}.elementor-widget-heading .elementor-heading-title.elementor-size-small{font-size:15px}.elementor-widget-heading .elementor-heading-title.elementor-size-medium{font-size:19px}.elementor-widget-heading .elementor-heading-title.elementor-size-large{font-size:29px}.elementor-widget-heading .elementor-heading-title.elementor-size-xl{font-size:39px}.elementor-widget-heading .elementor-heading-title.elementor-size-xxl{font-size:59px}<\/style><h2 class=\"elementor-heading-title elementor-size-default\">Steigern Sie den Unternehmenerfolg<\/h2>\t\t<\/div>\n\t\t\t\t<\/div>\n\t\t\t\t<div class=\"elementor-element elementor-element-9a0f7a5 elementor-widget elementor-widget-text-editor\" data-id=\"9a0f7a5\" data-element_type=\"widget\" data-settings=\"{&quot;_animation&quot;:&quot;none&quot;}\" data-widget_type=\"text-editor.default\">\n\t\t\t\t<div class=\"elementor-widget-container\">\n\t\t\t<style>\/*! elementor - v3.15.0 - 09-08-2023 *\/\n.elementor-widget-text-editor.elementor-drop-cap-view-stacked .elementor-drop-cap{background-color:#69727d;color:#fff}.elementor-widget-text-editor.elementor-drop-cap-view-framed .elementor-drop-cap{color:#69727d;border:3px solid;background-color:transparent}.elementor-widget-text-editor:not(.elementor-drop-cap-view-default) .elementor-drop-cap{margin-top:8px}.elementor-widget-text-editor:not(.elementor-drop-cap-view-default) .elementor-drop-cap-letter{width:1em;height:1em}.elementor-widget-text-editor .elementor-drop-cap{float:left;text-align:center;line-height:1;font-size:50px}.elementor-widget-text-editor .elementor-drop-cap-letter{display:inline-block}<\/style>\t\t\t\t<p>In vielen Unternehmen wird immer mehr Fokus auf die Pers\u00f6nlichkeitsentwicklung der Mitarbeiter gelegt und Kurse wie Yoga, Meditation und Stressbew\u00e4ltigung angeboten.<\/p><p>Der Unternehmenserfolg h\u00e4ngt zum Gro\u00dfteil von motivierten Mitarbeitern und einer guten F\u00fchrungsebene ab.<\/p><p>Daher ist es eine wichtige Strategie der Unternehmensf\u00fchrung, neben der wirtschaftlichen Ausrichtung auch die Zufriedenheit und Leistungsbereitschaft der Mitarbeiter im Fokus zu haben.<\/p>\t\t\t\t\t\t<\/div>\n\t\t\t\t<\/div>\n\t\t\t\t\t<\/div>\n\t\t<\/div>\n\t\t\t\t<div class=\"elementor-column elementor-col-50 elementor-top-column elementor-element elementor-element-21e87e8\" data-id=\"21e87e8\" data-element_type=\"column\">\n\t\t\t<div class=\"elementor-widget-wrap elementor-element-populated\">\n\t\t\t\t\t\t\t\t<div class=\"elementor-element elementor-element-854dd64 elementor-widget elementor-widget-image\" data-id=\"854dd64\" data-element_type=\"widget\" data-settings=\"{&quot;_animation&quot;:&quot;none&quot;}\" data-widget_type=\"image.default\">\n\t\t\t\t<div class=\"elementor-widget-container\">\n\t\t\t<style>\/*! elementor - v3.15.0 - 09-08-2023 *\/\n.elementor-widget-image{text-align:center}.elementor-widget-image a{display:inline-block}.elementor-widget-image a img[src$=\".svg\"]{width:48px}.elementor-widget-image img{vertical-align:middle;display:inline-block}<\/style>\t\t\t\t\t\t\t\t\t\t\t\t<img decoding=\"async\" width=\"566\" height=\"347\" src=\"https:\/\/meditation-innerebildung.com\/wp-content\/uploads\/2023\/07\/cursos-manejo-estres-para-empresas.webp\" class=\"attachment-full size-full wp-image-9703\" alt=\"Cursos de Manejo del Estr\u00e9s para empresas\" srcset=\"https:\/\/meditation-innerebildung.com\/wp-content\/uploads\/2023\/07\/cursos-manejo-estres-para-empresas.webp 566w, https:\/\/meditation-innerebildung.com\/wp-content\/uploads\/2023\/07\/cursos-manejo-estres-para-empresas-300x184.webp 300w\" sizes=\"(max-width: 566px) 100vw, 566px\" \/>\t\t\t\t\t\t\t\t\t\t\t\t\t\t\t<\/div>\n\t\t\t\t<\/div>\n\t\t\t\t\t<\/div>\n\t\t<\/div>\n\t\t\t\t\t\t\t<\/div>\n\t\t<\/section>\n\t\t\t\t<section class=\"elementor-section elementor-top-section elementor-element elementor-element-6eb053e elementor-section-boxed elementor-section-height-default elementor-section-height-default\" data-id=\"6eb053e\" data-element_type=\"section\">\n\t\t\t\t\t\t<div class=\"elementor-container elementor-column-gap-custom\">\n\t\t\t\t\t<div class=\"elementor-column elementor-col-50 elementor-top-column elementor-element elementor-element-3866b7d\" data-id=\"3866b7d\" data-element_type=\"column\">\n\t\t\t<div class=\"elementor-widget-wrap elementor-element-populated\">\n\t\t\t\t\t\t\t\t<div class=\"elementor-element elementor-element-80301a0 elementor-widget elementor-widget-image\" data-id=\"80301a0\" data-element_type=\"widget\" data-settings=\"{&quot;_animation&quot;:&quot;none&quot;}\" data-widget_type=\"image.default\">\n\t\t\t\t<div class=\"elementor-widget-container\">\n\t\t\t\t\t\t\t\t\t\t\t\t\t\t\t<img decoding=\"async\" width=\"566\" height=\"347\" src=\"https:\/\/meditation-innerebildung.com\/wp-content\/uploads\/2023\/07\/cursos-meditacion-yoga-para-empresas.webp\" class=\"attachment-full size-full wp-image-9705\" alt=\"Cursos de Meditaci\u00f3n y Yoga para Empresas\" srcset=\"https:\/\/meditation-innerebildung.com\/wp-content\/uploads\/2023\/07\/cursos-meditacion-yoga-para-empresas.webp 566w, https:\/\/meditation-innerebildung.com\/wp-content\/uploads\/2023\/07\/cursos-meditacion-yoga-para-empresas-300x184.webp 300w\" sizes=\"(max-width: 566px) 100vw, 566px\" \/>\t\t\t\t\t\t\t\t\t\t\t\t\t\t\t<\/div>\n\t\t\t\t<\/div>\n\t\t\t\t\t<\/div>\n\t\t<\/div>\n\t\t\t\t<div class=\"elementor-column elementor-col-50 elementor-top-column elementor-element elementor-element-fa2e5db\" data-id=\"fa2e5db\" data-element_type=\"column\">\n\t\t\t<div class=\"elementor-widget-wrap elementor-element-populated\">\n\t\t\t\t\t\t\t\t<div class=\"elementor-element elementor-element-7db01a3 elementor-widget elementor-widget-text-editor\" data-id=\"7db01a3\" data-element_type=\"widget\" data-settings=\"{&quot;_animation&quot;:&quot;none&quot;}\" data-widget_type=\"text-editor.default\">\n\t\t\t\t<div class=\"elementor-widget-container\">\n\t\t\t\t\t\t\t<p>Nach Sch\u00e4tzungen von Krankenkassen und Experten bel\u00e4uft sich die Zahl der gestressten Arbeitnehmer auf mehr als zw\u00f6lf Millionen, was etwa einem Drittel aller Arbeitnehmer entspricht..\u00a0<\/p><p>Hier liegt ein gro\u00dfes Potenzial zur Verbesserung des Arbeitsklimas, zur Verringerung der Fehlzeiten und zur Steigerung der Produktivit\u00e4t in Ihrem Unternehmen..<\/p><p><strong>Die Neurowissenschaft und die Krankenkassen empfehlen inzwischen, zu meditieren<\/strong>.<\/p><p>Auch Sie k\u00f6nnen Ihr Unternehmen und Ihre Mitarbeiter unterst\u00fctzen. Z\u00f6gern Sie nicht, sich mit uns in <a href=\"\/de\/kontakt\/\"><strong>Verbindung<\/strong><\/a> zu setzen, um M\u00f6glichkeiten f\u00fcr Ihr Unternehmen oder Ihren Betrieb auszuarbeiten..<\/p>\t\t\t\t\t\t<\/div>\n\t\t\t\t<\/div>\n\t\t\t\t\t<\/div>\n\t\t<\/div>\n\t\t\t\t\t\t\t<\/div>\n\t\t<\/section>\n\t\t\t\t\t\t\t<\/div>\n\t\t","protected":false},"excerpt":{"rendered":"<p>Steigern Sie den Unternehmenerfolg In vielen Unternehmen wird immer mehr Fokus auf die Pers\u00f6nlichkeitsentwicklung der Mitarbeiter gelegt und Kurse wie Yoga, Meditation und Stressbew\u00e4ltigung angeboten. Der Unternehmenserfolg h\u00e4ngt zum Gro\u00dfteil von motivierten Mitarbeitern und einer guten F\u00fchrungsebene ab. Daher ist es eine wichtige Strategie der Unternehmensf\u00fchrung, neben [&hellip;]<\/p>\n","protected":false},"author":1,"featured_media":0,"parent":0,"menu_order":0,"comment_status":"closed","ping_status":"closed","template":"","meta":{"footnotes":""},"class_list":["post-10416","page","type-page","status-publish","hentry"],"yoast_head":"<!-- This site is optimized with the Yoast SEO Premium plugin v20.13 (Yoast SEO v20.13) - https:\/\/yoast.com\/wordpress\/plugins\/seo\/ -->\n<title>F\u00fcr Unternehmen - Meditation Innerebuildung<\/title>\n<meta name=\"robots\" content=\"index, follow, max-snippet:-1, max-image-preview:large, max-video-preview:-1\" \/>\n<link rel=\"canonical\" href=\"https:\/\/meditation-innerebildung.com\/de\/yoga-meditation-stress-management-kurse-fuer-unternehmen\/\" \/>\n<meta property=\"og:locale\" content=\"de_DE\" \/>\n<meta property=\"og:type\" content=\"article\" \/>\n<meta property=\"og:title\" content=\"F\u00fcr Unternehmen\" \/>\n<meta property=\"og:description\" content=\"Steigern Sie den Unternehmenerfolg In vielen Unternehmen wird immer mehr Fokus auf die Pers\u00f6nlichkeitsentwicklung der Mitarbeiter gelegt und Kurse wie Yoga, Meditation und Stressbew\u00e4ltigung angeboten. Der Unternehmenserfolg h\u00e4ngt zum Gro\u00dfteil von motivierten Mitarbeitern und einer guten F\u00fchrungsebene ab. Daher ist es eine wichtige Strategie der Unternehmensf\u00fchrung, neben [&hellip;]\" \/>\n<meta property=\"og:url\" content=\"https:\/\/meditation-innerebildung.com\/de\/yoga-meditation-stress-management-kurse-fuer-unternehmen\/\" \/>\n<meta property=\"og:site_name\" content=\"Meditation Innerebuildung\" \/>\n<meta property=\"article:modified_time\" content=\"2023-07-25T10:22:48+00:00\" \/>\n<meta property=\"og:image\" content=\"https:\/\/meditation-innerebildung.com\/wp-content\/uploads\/2023\/07\/cursos-manejo-estres-para-empresas.webp\" \/>\n<meta name=\"twitter:card\" content=\"summary_large_image\" \/>\n<meta name=\"twitter:label1\" content=\"Gesch\u00e4tzte Lesezeit\" \/>\n\t<meta name=\"twitter:data1\" content=\"1\u00a0Minute\" \/>\n<script type=\"application\/ld+json\" class=\"yoast-schema-graph\">{\"@context\":\"https:\/\/schema.org\",\"@graph\":[{\"@type\":\"WebPage\",\"@id\":\"https:\/\/meditation-innerebildung.com\/de\/yoga-meditation-stress-management-kurse-fuer-unternehmen\/\",\"url\":\"https:\/\/meditation-innerebildung.com\/de\/yoga-meditation-stress-management-kurse-fuer-unternehmen\/\",\"name\":\"F\u00fcr Unternehmen - Meditation Innerebuildung\",\"isPartOf\":{\"@id\":\"https:\/\/meditation-innerebildung.com\/#website\"},\"datePublished\":\"2023-06-30T10:33:35+00:00\",\"dateModified\":\"2023-07-25T10:22:48+00:00\",\"breadcrumb\":{\"@id\":\"https:\/\/meditation-innerebildung.com\/de\/yoga-meditation-stress-management-kurse-fuer-unternehmen\/#breadcrumb\"},\"inLanguage\":\"de\",\"potentialAction\":[{\"@type\":\"ReadAction\",\"target\":[\"https:\/\/meditation-innerebildung.com\/de\/yoga-meditation-stress-management-kurse-fuer-unternehmen\/\"]}]},{\"@type\":\"BreadcrumbList\",\"@id\":\"https:\/\/meditation-innerebildung.com\/de\/yoga-meditation-stress-management-kurse-fuer-unternehmen\/#breadcrumb\",\"itemListElement\":[{\"@type\":\"ListItem\",\"position\":1,\"name\":\"Home\",\"item\":\"https:\/\/meditation-innerebildung.com\/de\/\"},{\"@type\":\"ListItem\",\"position\":2,\"name\":\"F\u00fcr Unternehmen\"}]},{\"@type\":\"WebSite\",\"@id\":\"https:\/\/meditation-innerebildung.com\/#website\",\"url\":\"https:\/\/meditation-innerebildung.com\/\",\"name\":\"Meditation Innerebuildung\",\"description\":\"Centro de meditaci\u00f3n y educaci\u00f3n interior\",\"publisher\":{\"@id\":\"https:\/\/meditation-innerebildung.com\/#organization\"},\"potentialAction\":[{\"@type\":\"SearchAction\",\"target\":{\"@type\":\"EntryPoint\",\"urlTemplate\":\"https:\/\/meditation-innerebildung.com\/?s={search_term_string}\"},\"query-input\":\"required name=search_term_string\"}],\"inLanguage\":\"de\"},{\"@type\":\"Organization\",\"@id\":\"https:\/\/meditation-innerebildung.com\/#organization\",\"name\":\"Meditation Innerebuildung\",\"url\":\"https:\/\/meditation-innerebildung.com\/\",\"logo\":{\"@type\":\"ImageObject\",\"inLanguage\":\"de\",\"@id\":\"https:\/\/meditation-innerebildung.com\/#\/schema\/logo\/image\/\",\"url\":\"https:\/\/meditation-innerebildung.com\/wp-content\/uploads\/2023\/07\/logo-meditation-innerebildung.webp\",\"contentUrl\":\"https:\/\/meditation-innerebildung.com\/wp-content\/uploads\/2023\/07\/logo-meditation-innerebildung.webp\",\"width\":250,\"height\":125,\"caption\":\"Meditation Innerebuildung\"},\"image\":{\"@id\":\"https:\/\/meditation-innerebildung.com\/#\/schema\/logo\/image\/\"}}]}<\/script>\n<!-- \/ Yoast SEO Premium plugin. -->","yoast_head_json":{"title":"F\u00fcr Unternehmen - Meditation Innerebuildung","robots":{"index":"index","follow":"follow","max-snippet":"max-snippet:-1","max-image-preview":"max-image-preview:large","max-video-preview":"max-video-preview:-1"},"canonical":"https:\/\/meditation-innerebildung.com\/de\/yoga-meditation-stress-management-kurse-fuer-unternehmen\/","og_locale":"de_DE","og_type":"article","og_title":"F\u00fcr Unternehmen","og_description":"Steigern Sie den Unternehmenerfolg In vielen Unternehmen wird immer mehr Fokus auf die Pers\u00f6nlichkeitsentwicklung der Mitarbeiter gelegt und Kurse wie Yoga, Meditation und Stressbew\u00e4ltigung angeboten. Der Unternehmenserfolg h\u00e4ngt zum Gro\u00dfteil von motivierten Mitarbeitern und einer guten F\u00fchrungsebene ab. Daher ist es eine wichtige Strategie der Unternehmensf\u00fchrung, neben [&hellip;]","og_url":"https:\/\/meditation-innerebildung.com\/de\/yoga-meditation-stress-management-kurse-fuer-unternehmen\/","og_site_name":"Meditation Innerebuildung","article_modified_time":"2023-07-25T10:22:48+00:00","og_image":[{"url":"https:\/\/meditation-innerebildung.com\/wp-content\/uploads\/2023\/07\/cursos-manejo-estres-para-empresas.webp"}],"twitter_card":"summary_large_image","twitter_misc":{"Gesch\u00e4tzte Lesezeit":"1\u00a0Minute"},"schema":{"@context":"https:\/\/schema.org","@graph":[{"@type":"WebPage","@id":"https:\/\/meditation-innerebildung.com\/de\/yoga-meditation-stress-management-kurse-fuer-unternehmen\/","url":"https:\/\/meditation-innerebildung.com\/de\/yoga-meditation-stress-management-kurse-fuer-unternehmen\/","name":"F\u00fcr Unternehmen - Meditation Innerebuildung","isPartOf":{"@id":"https:\/\/meditation-innerebildung.com\/#website"},"datePublished":"2023-06-30T10:33:35+00:00","dateModified":"2023-07-25T10:22:48+00:00","breadcrumb":{"@id":"https:\/\/meditation-innerebildung.com\/de\/yoga-meditation-stress-management-kurse-fuer-unternehmen\/#breadcrumb"},"inLanguage":"de","potentialAction":[{"@type":"ReadAction","target":["https:\/\/meditation-innerebildung.com\/de\/yoga-meditation-stress-management-kurse-fuer-unternehmen\/"]}]},{"@type":"BreadcrumbList","@id":"https:\/\/meditation-innerebildung.com\/de\/yoga-meditation-stress-management-kurse-fuer-unternehmen\/#breadcrumb","itemListElement":[{"@type":"ListItem","position":1,"name":"Home","item":"https:\/\/meditation-innerebildung.com\/de\/"},{"@type":"ListItem","position":2,"name":"F\u00fcr Unternehmen"}]},{"@type":"WebSite","@id":"https:\/\/meditation-innerebildung.com\/#website","url":"https:\/\/meditation-innerebildung.com\/","name":"Meditation Innerebuildung","description":"Centro de meditaci\u00f3n y educaci\u00f3n interior","publisher":{"@id":"https:\/\/meditation-innerebildung.com\/#organization"},"potentialAction":[{"@type":"SearchAction","target":{"@type":"EntryPoint","urlTemplate":"https:\/\/meditation-innerebildung.com\/?s={search_term_string}"},"query-input":"required name=search_term_string"}],"inLanguage":"de"},{"@type":"Organization","@id":"https:\/\/meditation-innerebildung.com\/#organization","name":"Meditation Innerebuildung","url":"https:\/\/meditation-innerebildung.com\/","logo":{"@type":"ImageObject","inLanguage":"de","@id":"https:\/\/meditation-innerebildung.com\/#\/schema\/logo\/image\/","url":"https:\/\/meditation-innerebildung.com\/wp-content\/uploads\/2023\/07\/logo-meditation-innerebildung.webp","contentUrl":"https:\/\/meditation-innerebildung.com\/wp-content\/uploads\/2023\/07\/logo-meditation-innerebildung.webp","width":250,"height":125,"caption":"Meditation Innerebuildung"},"image":{"@id":"https:\/\/meditation-innerebildung.com\/#\/schema\/logo\/image\/"}}]}},"_links":{"self":[{"href":"https:\/\/meditation-innerebildung.com\/de\/wp-json\/wp\/v2\/pages\/10416","targetHints":{"allow":["GET"]}}],"collection":[{"href":"https:\/\/meditation-innerebildung.com\/de\/wp-json\/wp\/v2\/pages"}],"about":[{"href":"https:\/\/meditation-innerebildung.com\/de\/wp-json\/wp\/v2\/types\/page"}],"author":[{"embeddable":true,"href":"https:\/\/meditation-innerebildung.com\/de\/wp-json\/wp\/v2\/users\/1"}],"replies":[{"embeddable":true,"href":"https:\/\/meditation-innerebildung.com\/de\/wp-json\/wp\/v2\/comments?post=10416"}],"version-history":[{"count":0,"href":"https:\/\/meditation-innerebildung.com\/de\/wp-json\/wp\/v2\/pages\/10416\/revisions"}],"wp:attachment":[{"href":"https:\/\/meditation-innerebildung.com\/de\/wp-json\/wp\/v2\/media?parent=10416"}],"curies":[{"name":"wp","href":"https:\/\/api.w.org\/{rel}","templated":true}]}}