{"id":10436,"date":"2023-06-08T11:52:14","date_gmt":"2023-06-08T11:52:14","guid":{"rendered":"https:\/\/meditation-innerebildung.com\/aviso-legal\/"},"modified":"2023-07-25T10:48:14","modified_gmt":"2023-07-25T10:48:14","slug":"rechtlicher-hinweis","status":"publish","type":"page","link":"https:\/\/meditation-innerebildung.com\/de\/rechtlicher-hinweis\/","title":{"rendered":"Rechtlicher Hinweis"},"content":{"rendered":"\t\t<div data-elementor-type=\"wp-page\" data-elementor-id=\"10436\" class=\"elementor elementor-10436 elementor-8330\">\n\t\t\t\t\t\t\t\t\t<section class=\"elementor-section elementor-top-section elementor-element elementor-element-535e858 elementor-section-stretched elementor-section-boxed elementor-section-height-default elementor-section-height-default\" data-id=\"535e858\" data-element_type=\"section\" data-settings=\"{&quot;stretch_section&quot;:&quot;section-stretched&quot;}\">\n\t\t\t\t\t\t<div class=\"elementor-container elementor-column-gap-no\">\n\t\t\t\t\t<div class=\"elementor-column elementor-col-100 elementor-top-column elementor-element elementor-element-079b5cf\" data-id=\"079b5cf\" data-element_type=\"column\">\n\t\t\t<div class=\"elementor-widget-wrap elementor-element-populated\">\n\t\t\t\t\t\t\t\t<section class=\"elementor-section elementor-inner-section elementor-element elementor-element-cd0f913 animated-slow elementor-section-boxed elementor-section-height-default elementor-section-height-default\" data-id=\"cd0f913\" data-element_type=\"section\" data-settings=\"{&quot;animation&quot;:&quot;none&quot;}\">\n\t\t\t\t\t\t<div class=\"elementor-container elementor-column-gap-no\">\n\t\t\t\t\t<div class=\"elementor-column elementor-col-100 elementor-inner-column elementor-element elementor-element-d735565\" data-id=\"d735565\" data-element_type=\"column\">\n\t\t\t<div class=\"elementor-widget-wrap elementor-element-populated\">\n\t\t\t\t\t\t\t\t<div class=\"elementor-element elementor-element-08260a2 elementor-widget elementor-widget-text-editor\" data-id=\"08260a2\" data-element_type=\"widget\" data-widget_type=\"text-editor.default\">\n\t\t\t\t<div class=\"elementor-widget-container\">\n\t\t\t<style>\/*! elementor - v3.15.0 - 09-08-2023 *\/\n.elementor-widget-text-editor.elementor-drop-cap-view-stacked .elementor-drop-cap{background-color:#69727d;color:#fff}.elementor-widget-text-editor.elementor-drop-cap-view-framed .elementor-drop-cap{color:#69727d;border:3px solid;background-color:transparent}.elementor-widget-text-editor:not(.elementor-drop-cap-view-default) .elementor-drop-cap{margin-top:8px}.elementor-widget-text-editor:not(.elementor-drop-cap-view-default) .elementor-drop-cap-letter{width:1em;height:1em}.elementor-widget-text-editor .elementor-drop-cap{float:left;text-align:center;line-height:1;font-size:50px}.elementor-widget-text-editor .elementor-drop-cap-letter{display:inline-block}<\/style>\t\t\t\t<h3><span style=\"font-size: 18pt;\">Zweck und Akzeptanz<br><\/span><\/h3>\n<p>Dieser rechtliche Hinweis regelt die Nutzung der Website www.casa-excelente.com (im Folgenden DIE WEBSITE), die Eigentum von Casa Excelente (im Folgenden DER EIGENT\u00dcMER DER WEBSITE) ist.<\/p>\n<p>Das Surfen auf der Website des Eigent\u00fcmers der Website macht den Benutzer zum Benutzer derselben und impliziert die vollst\u00e4ndige und vorbehaltlose Annahme aller in diesem rechtlichen Hinweis enthaltenen Bestimmungen, die \u00c4nderungen unterliegen k\u00f6nnen.<\/p>\n<p>Der Benutzer verpflichtet sich zur korrekten Nutzung der Website in \u00dcbereinstimmung mit den Gesetzen, Treu und Glauben, der \u00f6ffentlichen Ordnung, den Verkehrsregeln und dem vorliegenden rechtlichen Hinweis. Der Nutzer haftet gegen\u00fcber dem EIGENT\u00dcMER DER WEBSITE oder gegen\u00fcber Dritten f\u00fcr alle Sch\u00e4den, die sich aus der Verletzung dieser Verpflichtung ergeben k\u00f6nnen.<\/p>\n<h3><span style=\"font-size: 18pt;\">Identifizierung und Kommunikation<\/span><\/h3>\n<p>DER EIGENT\u00dcMER DER WEBSITE, in \u00dcbereinstimmung mit dem Gesetz 34\/2002 vom 11. Juli \u00fcber die Dienste der Informationsgesellschaft und den elektronischen Handel, informiert Sie dar\u00fcber:<\/p>\n<p>Der Name des Unternehmens lautet: Casa Excelente SL<br>STEUERNUMMER: B92481019<br>Der eingetragene Firmensitz befindet sich in: Hasengartenstr. 42 &#8211; 65388 Wiesbaden, Deutschland.<\/p>\n<p>Um mit uns in Kontakt zu treten, stellen wir Ihnen die folgenden Kontaktm\u00f6glichkeiten zur Verf\u00fcgung:<\/p>\n<p>Telefon: +34 600 050 103<br>E-Mail: info@innerebuildung.com<br>Alle Mitteilungen und Kommunikationen zwischen den Nutzern und dem EIGENT\u00dcMER DER WEBSITE gelten f\u00fcr alle Zwecke als wirksam, wenn sie per Post oder auf einem anderen der oben genannten Wege erfolgen.<\/p>\n<h3><span style=\"font-size: 24px;\">Bedingungen f\u00fcr Zugang und Nutzung<\/span><\/h3>\nDie Website und ihre Dienste sind frei und offen zug\u00e4nglich, jedoch macht DER EIGENT\u00dcMER DER WEBSITE die Nutzung einiger der auf seiner Website angebotenen Dienste von der vorherigen Ausf\u00fcllung des entsprechenden Formulars abh\u00e4ngig.\nDer Benutzer garantiert die Echtheit und die Aktualit\u00e4t aller Daten, die er dem Eigent\u00fcmer der Website mitteilt, und ist allein verantwortlich f\u00fcr falsche oder ungenaue Angaben.\n\nDer Benutzer verpflichtet sich ausdr\u00fccklich, die Inhalte und Dienstleistungen des Eigent\u00fcmers der Website in angemessener Weise zu nutzen und sie u.a. nicht f\u00fcr Folgendes zu verwenden\n\nVerbreitung von kriminellen, gewaltt\u00e4tigen, pornografischen, rassistischen, fremdenfeindlichen, beleidigenden, den Terrorismus unterst\u00fctzenden oder ganz allgemein gegen das Gesetz oder die \u00f6ffentliche Ordnung versto\u00dfenden Inhalten.\n\nComputerviren in das Netz einzuschleusen oder Handlungen vorzunehmen, die geeignet sind, elektronische Dokumente, Daten oder physische und logische Systeme des Eigent\u00fcmers der Website oder Dritter zu ver\u00e4ndern, zu besch\u00e4digen, zu unterbrechen oder Fehler oder Sch\u00e4den zu erzeugen; sowie den Zugang anderer Nutzer zur Website und ihren Diensten durch den massiven Verbrauch von Computerressourcen zu behindern, \u00fcber die der Eigent\u00fcmer der Website seine Dienste bereitstellt.\n\nDer Versuch, auf die E-Mail-Konten anderer Nutzer oder auf gesch\u00fctzte Bereiche der Computersysteme des WEBSITE-BESITZERS oder Dritter zuzugreifen und gegebenenfalls Informationen zu entnehmen. Verletzung der geistigen oder gewerblichen Eigentumsrechte sowie Verletzung der Vertraulichkeit der Informationen des WEBSITE-BESITZERS oder Dritter.\n\nDie Identit\u00e4t eines anderen Benutzers, einer \u00f6ffentlichen Verwaltung oder eines Dritten vorzut\u00e4uschen. Die Inhalte zu vervielf\u00e4ltigen, zu kopieren, zu verbreiten, zur Verf\u00fcgung zu stellen oder auf andere Weise \u00f6ffentlich zu kommunizieren, umzuwandeln oder zu ver\u00e4ndern, es sei denn, der Inhaber der entsprechenden Rechte hat dies genehmigt oder es ist gesetzlich erlaubt. Daten f\u00fcr Werbezwecke zu sammeln und Werbung jeglicher Art und Mitteilungen f\u00fcr den Verkauf oder andere kommerzielle Zwecke ohne vorherige Anfrage oder Zustimmung zu versenden.\n\nAlle Inhalte der Website, wie Texte, Fotografien, Grafiken, Bilder, Icons, Technologien, Software sowie die grafische Gestaltung und die Quellcodes, stellen ein Werk dar, das Eigentum des Eigent\u00fcmers der Website ist, und keines der Nutzungsrechte daran kann so verstanden werden, dass es \u00fcber das f\u00fcr die korrekte Nutzung der Website unbedingt erforderliche Ma\u00df hinaus auf den Nutzer \u00fcbertragen wird.\n\nKurz gesagt, die Nutzer, die auf diese Website zugreifen, k\u00f6nnen die Inhalte einsehen und gegebenenfalls genehmigte Privatkopien anfertigen, vorausgesetzt, dass die reproduzierten Elemente anschlie\u00dfend nicht an Dritte weitergegeben werden, noch auf Servern installiert werden, die mit Netzen verbunden sind, noch irgendeiner Art von Verwertung unterliegen.\n\nEbenso sind alle Marken, Handelsnamen oder Unterscheidungszeichen jeglicher Art, die auf der Website erscheinen, Eigentum des Eigent\u00fcmers der Website, und es kann nicht davon ausgegangen werden, dass die Nutzung oder der Zugang zu ihnen dem Nutzer irgendein Recht an ihnen verleiht.\n\nDer Vertrieb, die \u00c4nderung, die \u00dcbertragung oder die \u00f6ffentliche Bekanntmachung der Inhalte und jede andere Handlung, die nicht ausdr\u00fccklich vom Inhaber der Nutzungsrechte genehmigt wurde, sind verboten.\n\nDie Einrichtung eines Hyperlinks impliziert in keinem Fall das Bestehen einer Beziehung zwischen DEM WEBSITE-BESITZER und dem Eigent\u00fcmer der Website, auf der er eingerichtet ist, noch die Akzeptanz und Genehmigung durch DEN WEBSITE-BESITZER von dessen Inhalten oder Dienstleistungen. Die Personen, die einen Hyperlink einrichten wollen, m\u00fcssen die vorherige schriftliche Genehmigung des Eigent\u00fcmers der Website einholen. In jedem Fall darf der Hyperlink nur den Zugang zur Homepage oder zur Startseite unserer Website erm\u00f6glichen, und er darf auch keine falschen, ungenauen oder unrichtigen Aussagen oder Angaben \u00fcber DEN WEBSITE-BESITZER machen oder illegale Inhalte enthalten, die gegen die guten Sitten und die \u00f6ffentliche Ordnung versto\u00dfen.\n\nDER EIGENT\u00dcMER DER WEBSITE ist nicht verantwortlich f\u00fcr die Nutzung der auf dieser Website zur Verf\u00fcgung gestellten Materialien durch die einzelnen Nutzer und f\u00fcr die auf deren Grundlage durchgef\u00fchrten Handlungen.\n<h3><span style=\"font-size: 18pt;\">Ausschluss von Gew\u00e4hrleistung und Haftung<\/span><\/h3>\nDer Inhalt dieser Website ist allgemeiner Natur und dient nur zu Informationszwecken. Der Zugang zu allen Inhalten wird nicht in vollem Umfang garantiert, ebenso wenig deren Eignung oder N\u00fctzlichkeit f\u00fcr einen bestimmten Zweck.\n\nDER WEBSITE-BESITZER schlie\u00dft, soweit gesetzlich zul\u00e4ssig, jegliche Haftung f\u00fcr Sch\u00e4den jeglicher Art aus, die sich aus:\n\nDie Unm\u00f6glichkeit, auf die Website zuzugreifen, sowie das Vorhandensein von M\u00e4ngeln und Fehlern jeglicher Art in den \u00fcbermittelten, verbreiteten, gespeicherten, zur Verf\u00fcgung gestellten Inhalten, auf die \u00fcber die Website oder die angebotenen Dienstleistungen zugegriffen wurde. Das Vorhandensein von Viren oder anderen Elementen in den Inhalten, die Ver\u00e4nderungen in Computersystemen, elektronischen Dokumenten oder Benutzerdaten verursachen k\u00f6nnen.\n\nDie Nichteinhaltung von Gesetzen, Treu und Glauben, der \u00f6ffentlichen Ordnung, des Verkehrs und des vorliegenden rechtlichen Hinweises als Folge einer unsachgem\u00e4\u00dfen Nutzung der Website. Insbesondere, und als Beispiel, ist der Eigent\u00fcmer der Website nicht verantwortlich f\u00fcr die Handlungen Dritter, die die Rechte des geistigen und gewerblichen Eigentums, Gesch\u00e4ftsgeheimnisse, Rechte auf Ehre, pers\u00f6nliche und famili\u00e4re Privatsph\u00e4re und das Selbstbild verletzen, sowie die Vorschriften \u00fcber unlauteren Wettbewerb und illegale Werbung.\n\nEbenso lehnt der Inhaber der Website jede Verantwortung f\u00fcr Informationen ab, die au\u00dferhalb dieser Website liegen und nicht direkt von unserem Webmaster verwaltet werden. Die Funktion der Links, die auf dieser Website erscheinen, besteht ausschlie\u00dflich darin, den Benutzer \u00fcber die Existenz anderer Quellen zu informieren, die den auf dieser Website angebotenen Inhalt erweitern k\u00f6nnen. DER EIGENT\u00dcMER DER WEBSITE \u00fcbernimmt keine Garantie oder Verantwortung f\u00fcr das Funktionieren oder die Zug\u00e4nglichkeit der verlinkten Seiten, noch schl\u00e4gt er den Besuch dieser Seiten vor, l\u00e4dt dazu ein oder empfiehlt ihn, noch ist er f\u00fcr die erzielten Ergebnisse verantwortlich. DER WEBSITENINHABER ist nicht verantwortlich f\u00fcr die Einrichtung von Hyperlinks durch Dritte.\n<h3><span style=\"font-size: 18pt;\">Verfahren bei unerlaubten T\u00e4tigkeiten<\/span><\/h3>\nF\u00fcr den Fall, dass ein Nutzer oder ein Dritter der Meinung ist, dass es Tatsachen oder Umst\u00e4nde gibt, die den rechtswidrigen Charakter der Nutzung irgendeines Inhalts und\/oder der Durchf\u00fchrung irgendeiner Aktivit\u00e4t auf den in der Website enthaltenen oder \u00fcber sie zug\u00e4nglichen Webseiten offenbaren, muss er dem WEBSITE-BESITZER eine Mitteilung schicken, in der er sich ordnungsgem\u00e4\u00df identifiziert, die angeblichen Verst\u00f6\u00dfe angibt und ausdr\u00fccklich und auf eigene Verantwortung erkl\u00e4rt, dass die in der Mitteilung gemachten Angaben korrekt sind.\n\nDie vorliegenden Allgemeinen Bedingungen unterliegen dem spanischen Recht. Die Parteien unterwerfen sich f\u00fcr die L\u00f6sung von Konflikten nach ihrer Wahl und unter Verzicht auf jede andere Zust\u00e4ndigkeit den Gerichten am Wohnsitz des Nutzers. Ebenso kann der Nutzer als Mitglied von Confianza Online und gem\u00e4\u00df den Bestimmungen des Ethik-Kodex [Klicken Sie hier, um PDF zu \u00f6ffnen] bei Streitigkeiten im Zusammenhang mit Online-Vertr\u00e4gen und -Werbung, dem Datenschutz und dem Schutz von Minderj\u00e4hrigen das au\u00dfergerichtliche Streitbeilegungssystem von Confianza Online (www.confianzaonline.es) in Anspruch nehmen.\n<h3><span style=\"font-size: 18pt;\">Publikationen<\/span><\/h3>\n<p>Die \u00fcber die Website zur Verf\u00fcgung gestellten Verwaltungsinformationen ersetzen nicht die rechtliche Ver\u00f6ffentlichung von Gesetzen, Verordnungen, Pl\u00e4nen, allgemeinen Bestimmungen und Rechtsakten, die f\u00f6rmlich in den Amtsbl\u00e4ttern der \u00f6ffentlichen Verwaltungen ver\u00f6ffentlicht werden m\u00fcssen, da diese das einzige Instrument sind, das ihre Authentizit\u00e4t und ihren Inhalt best\u00e4tigt. Die auf dieser Website verf\u00fcgbaren Informationen sind als Leitfaden zu verstehen, der keine Rechtsg\u00fcltigkeit besitzt.\n\nDie Anpassung an LOPD und LSSICE wurde von Centraliza vorgenommen.<\/p>\t\t\t\t\t\t<\/div>\n\t\t\t\t<\/div>\n\t\t\t\t\t<\/div>\n\t\t<\/div>\n\t\t\t\t\t\t\t<\/div>\n\t\t<\/section>\n\t\t\t\t\t<\/div>\n\t\t<\/div>\n\t\t\t\t\t\t\t<\/div>\n\t\t<\/section>\n\t\t\t\t\t\t\t<\/div>\n\t\t","protected":false},"excerpt":{"rendered":"<p>Zweck und Akzeptanz Dieser rechtliche Hinweis regelt die Nutzung der Website www.casa-excelente.com (im Folgenden DIE WEBSITE), die Eigentum von Casa Excelente (im Folgenden DER EIGENT\u00dcMER DER WEBSITE) ist. Das Surfen auf der Website des Eigent\u00fcmers der Website macht den Benutzer zum Benutzer derselben und impliziert die vollst\u00e4ndige [&hellip;]<\/p>\n","protected":false},"author":1,"featured_media":0,"parent":0,"menu_order":0,"comment_status":"closed","ping_status":"closed","template":"","meta":{"footnotes":""},"class_list":["post-10436","page","type-page","status-publish","hentry"],"yoast_head":"<!-- This site is optimized with the Yoast SEO Premium plugin v20.13 (Yoast SEO v20.13) - https:\/\/yoast.com\/wordpress\/plugins\/seo\/ -->\n<title>Rechtlicher Hinweis - Meditation Innerebuildung<\/title>\n<meta name=\"robots\" content=\"index, follow, max-snippet:-1, max-image-preview:large, max-video-preview:-1\" \/>\n<link rel=\"canonical\" href=\"https:\/\/meditation-innerebildung.com\/de\/rechtlicher-hinweis\/\" \/>\n<meta property=\"og:locale\" content=\"de_DE\" \/>\n<meta property=\"og:type\" content=\"article\" \/>\n<meta property=\"og:title\" content=\"Rechtlicher Hinweis\" \/>\n<meta property=\"og:description\" content=\"Zweck und Akzeptanz Dieser rechtliche Hinweis regelt die Nutzung der Website www.casa-excelente.com (im Folgenden DIE WEBSITE), die Eigentum von Casa Excelente (im Folgenden DER EIGENT\u00dcMER DER WEBSITE) ist. Das Surfen auf der Website des Eigent\u00fcmers der Website macht den Benutzer zum Benutzer derselben und impliziert die vollst\u00e4ndige [&hellip;]\" \/>\n<meta property=\"og:url\" content=\"https:\/\/meditation-innerebildung.com\/de\/rechtlicher-hinweis\/\" \/>\n<meta property=\"og:site_name\" content=\"Meditation Innerebuildung\" \/>\n<meta property=\"article:modified_time\" content=\"2023-07-25T10:48:14+00:00\" \/>\n<meta name=\"twitter:card\" content=\"summary_large_image\" \/>\n<meta name=\"twitter:label1\" content=\"Gesch\u00e4tzte Lesezeit\" \/>\n\t<meta name=\"twitter:data1\" content=\"7\u00a0Minuten\" \/>\n<script type=\"application\/ld+json\" class=\"yoast-schema-graph\">{\"@context\":\"https:\/\/schema.org\",\"@graph\":[{\"@type\":\"WebPage\",\"@id\":\"https:\/\/meditation-innerebildung.com\/de\/rechtlicher-hinweis\/\",\"url\":\"https:\/\/meditation-innerebildung.com\/de\/rechtlicher-hinweis\/\",\"name\":\"Rechtlicher Hinweis - Meditation Innerebuildung\",\"isPartOf\":{\"@id\":\"https:\/\/meditation-innerebildung.com\/#website\"},\"datePublished\":\"2023-06-08T11:52:14+00:00\",\"dateModified\":\"2023-07-25T10:48:14+00:00\",\"breadcrumb\":{\"@id\":\"https:\/\/meditation-innerebildung.com\/de\/rechtlicher-hinweis\/#breadcrumb\"},\"inLanguage\":\"de\",\"potentialAction\":[{\"@type\":\"ReadAction\",\"target\":[\"https:\/\/meditation-innerebildung.com\/de\/rechtlicher-hinweis\/\"]}]},{\"@type\":\"BreadcrumbList\",\"@id\":\"https:\/\/meditation-innerebildung.com\/de\/rechtlicher-hinweis\/#breadcrumb\",\"itemListElement\":[{\"@type\":\"ListItem\",\"position\":1,\"name\":\"Home\",\"item\":\"https:\/\/meditation-innerebildung.com\/de\/\"},{\"@type\":\"ListItem\",\"position\":2,\"name\":\"Rechtlicher Hinweis\"}]},{\"@type\":\"WebSite\",\"@id\":\"https:\/\/meditation-innerebildung.com\/#website\",\"url\":\"https:\/\/meditation-innerebildung.com\/\",\"name\":\"Meditation Innerebuildung\",\"description\":\"Centro de meditaci\u00f3n y educaci\u00f3n interior\",\"publisher\":{\"@id\":\"https:\/\/meditation-innerebildung.com\/#organization\"},\"potentialAction\":[{\"@type\":\"SearchAction\",\"target\":{\"@type\":\"EntryPoint\",\"urlTemplate\":\"https:\/\/meditation-innerebildung.com\/?s={search_term_string}\"},\"query-input\":\"required name=search_term_string\"}],\"inLanguage\":\"de\"},{\"@type\":\"Organization\",\"@id\":\"https:\/\/meditation-innerebildung.com\/#organization\",\"name\":\"Meditation Innerebuildung\",\"url\":\"https:\/\/meditation-innerebildung.com\/\",\"logo\":{\"@type\":\"ImageObject\",\"inLanguage\":\"de\",\"@id\":\"https:\/\/meditation-innerebildung.com\/#\/schema\/logo\/image\/\",\"url\":\"https:\/\/meditation-innerebildung.com\/wp-content\/uploads\/2023\/07\/logo-meditation-innerebildung.webp\",\"contentUrl\":\"https:\/\/meditation-innerebildung.com\/wp-content\/uploads\/2023\/07\/logo-meditation-innerebildung.webp\",\"width\":250,\"height\":125,\"caption\":\"Meditation Innerebuildung\"},\"image\":{\"@id\":\"https:\/\/meditation-innerebildung.com\/#\/schema\/logo\/image\/\"}}]}<\/script>\n<!-- \/ Yoast SEO Premium plugin. -->","yoast_head_json":{"title":"Rechtlicher Hinweis - Meditation Innerebuildung","robots":{"index":"index","follow":"follow","max-snippet":"max-snippet:-1","max-image-preview":"max-image-preview:large","max-video-preview":"max-video-preview:-1"},"canonical":"https:\/\/meditation-innerebildung.com\/de\/rechtlicher-hinweis\/","og_locale":"de_DE","og_type":"article","og_title":"Rechtlicher Hinweis","og_description":"Zweck und Akzeptanz Dieser rechtliche Hinweis regelt die Nutzung der Website www.casa-excelente.com (im Folgenden DIE WEBSITE), die Eigentum von Casa Excelente (im Folgenden DER EIGENT\u00dcMER DER WEBSITE) ist. Das Surfen auf der Website des Eigent\u00fcmers der Website macht den Benutzer zum Benutzer derselben und impliziert die vollst\u00e4ndige [&hellip;]","og_url":"https:\/\/meditation-innerebildung.com\/de\/rechtlicher-hinweis\/","og_site_name":"Meditation Innerebuildung","article_modified_time":"2023-07-25T10:48:14+00:00","twitter_card":"summary_large_image","twitter_misc":{"Gesch\u00e4tzte Lesezeit":"7\u00a0Minuten"},"schema":{"@context":"https:\/\/schema.org","@graph":[{"@type":"WebPage","@id":"https:\/\/meditation-innerebildung.com\/de\/rechtlicher-hinweis\/","url":"https:\/\/meditation-innerebildung.com\/de\/rechtlicher-hinweis\/","name":"Rechtlicher Hinweis - Meditation Innerebuildung","isPartOf":{"@id":"https:\/\/meditation-innerebildung.com\/#website"},"datePublished":"2023-06-08T11:52:14+00:00","dateModified":"2023-07-25T10:48:14+00:00","breadcrumb":{"@id":"https:\/\/meditation-innerebildung.com\/de\/rechtlicher-hinweis\/#breadcrumb"},"inLanguage":"de","potentialAction":[{"@type":"ReadAction","target":["https:\/\/meditation-innerebildung.com\/de\/rechtlicher-hinweis\/"]}]},{"@type":"BreadcrumbList","@id":"https:\/\/meditation-innerebildung.com\/de\/rechtlicher-hinweis\/#breadcrumb","itemListElement":[{"@type":"ListItem","position":1,"name":"Home","item":"https:\/\/meditation-innerebildung.com\/de\/"},{"@type":"ListItem","position":2,"name":"Rechtlicher Hinweis"}]},{"@type":"WebSite","@id":"https:\/\/meditation-innerebildung.com\/#website","url":"https:\/\/meditation-innerebildung.com\/","name":"Meditation Innerebuildung","description":"Centro de meditaci\u00f3n y educaci\u00f3n interior","publisher":{"@id":"https:\/\/meditation-innerebildung.com\/#organization"},"potentialAction":[{"@type":"SearchAction","target":{"@type":"EntryPoint","urlTemplate":"https:\/\/meditation-innerebildung.com\/?s={search_term_string}"},"query-input":"required name=search_term_string"}],"inLanguage":"de"},{"@type":"Organization","@id":"https:\/\/meditation-innerebildung.com\/#organization","name":"Meditation Innerebuildung","url":"https:\/\/meditation-innerebildung.com\/","logo":{"@type":"ImageObject","inLanguage":"de","@id":"https:\/\/meditation-innerebildung.com\/#\/schema\/logo\/image\/","url":"https:\/\/meditation-innerebildung.com\/wp-content\/uploads\/2023\/07\/logo-meditation-innerebildung.webp","contentUrl":"https:\/\/meditation-innerebildung.com\/wp-content\/uploads\/2023\/07\/logo-meditation-innerebildung.webp","width":250,"height":125,"caption":"Meditation Innerebuildung"},"image":{"@id":"https:\/\/meditation-innerebildung.com\/#\/schema\/logo\/image\/"}}]}},"_links":{"self":[{"href":"https:\/\/meditation-innerebildung.com\/de\/wp-json\/wp\/v2\/pages\/10436","targetHints":{"allow":["GET"]}}],"collection":[{"href":"https:\/\/meditation-innerebildung.com\/de\/wp-json\/wp\/v2\/pages"}],"about":[{"href":"https:\/\/meditation-innerebildung.com\/de\/wp-json\/wp\/v2\/types\/page"}],"author":[{"embeddable":true,"href":"https:\/\/meditation-innerebildung.com\/de\/wp-json\/wp\/v2\/users\/1"}],"replies":[{"embeddable":true,"href":"https:\/\/meditation-innerebildung.com\/de\/wp-json\/wp\/v2\/comments?post=10436"}],"version-history":[{"count":0,"href":"https:\/\/meditation-innerebildung.com\/de\/wp-json\/wp\/v2\/pages\/10436\/revisions"}],"wp:attachment":[{"href":"https:\/\/meditation-innerebildung.com\/de\/wp-json\/wp\/v2\/media?parent=10436"}],"curies":[{"name":"wp","href":"https:\/\/api.w.org\/{rel}","templated":true}]}}