{"id":10469,"date":"2023-06-08T12:38:23","date_gmt":"2023-06-08T12:38:23","guid":{"rendered":"https:\/\/meditation-innerebildung.com\/politica-de-privacidad\/"},"modified":"2023-07-26T08:06:57","modified_gmt":"2023-07-26T08:06:57","slug":"datenschutzbestimmungen","status":"publish","type":"page","link":"https:\/\/meditation-innerebildung.com\/de\/datenschutzbestimmungen\/","title":{"rendered":"Datenschutzbestimmungen"},"content":{"rendered":"\t\t<div data-elementor-type=\"wp-page\" data-elementor-id=\"10469\" class=\"elementor elementor-10469 elementor-8370\">\n\t\t\t\t\t\t\t\t\t<section class=\"elementor-section elementor-top-section elementor-element elementor-element-535e858 elementor-section-stretched elementor-section-boxed elementor-section-height-default elementor-section-height-default\" data-id=\"535e858\" data-element_type=\"section\" data-settings=\"{&quot;stretch_section&quot;:&quot;section-stretched&quot;}\">\n\t\t\t\t\t\t<div class=\"elementor-container elementor-column-gap-no\">\n\t\t\t\t\t<div class=\"elementor-column elementor-col-100 elementor-top-column elementor-element elementor-element-079b5cf\" data-id=\"079b5cf\" data-element_type=\"column\">\n\t\t\t<div class=\"elementor-widget-wrap elementor-element-populated\">\n\t\t\t\t\t\t\t\t<section class=\"elementor-section elementor-inner-section elementor-element elementor-element-cd0f913 animated-slow elementor-section-boxed elementor-section-height-default elementor-section-height-default\" data-id=\"cd0f913\" data-element_type=\"section\" data-settings=\"{&quot;animation&quot;:&quot;none&quot;}\">\n\t\t\t\t\t\t<div class=\"elementor-container elementor-column-gap-no\">\n\t\t\t\t\t<div class=\"elementor-column elementor-col-100 elementor-inner-column elementor-element elementor-element-666f1df\" data-id=\"666f1df\" data-element_type=\"column\">\n\t\t\t<div class=\"elementor-widget-wrap elementor-element-populated\">\n\t\t\t\t\t\t\t\t<div class=\"elementor-element elementor-element-63ff508 elementor-widget elementor-widget-text-editor\" data-id=\"63ff508\" data-element_type=\"widget\" data-widget_type=\"text-editor.default\">\n\t\t\t\t<div class=\"elementor-widget-container\">\n\t\t\t<style>\/*! elementor - v3.15.0 - 09-08-2023 *\/\n.elementor-widget-text-editor.elementor-drop-cap-view-stacked .elementor-drop-cap{background-color:#69727d;color:#fff}.elementor-widget-text-editor.elementor-drop-cap-view-framed .elementor-drop-cap{color:#69727d;border:3px solid;background-color:transparent}.elementor-widget-text-editor:not(.elementor-drop-cap-view-default) .elementor-drop-cap{margin-top:8px}.elementor-widget-text-editor:not(.elementor-drop-cap-view-default) .elementor-drop-cap-letter{width:1em;height:1em}.elementor-widget-text-editor .elementor-drop-cap{float:left;text-align:center;line-height:1;font-size:50px}.elementor-widget-text-editor .elementor-drop-cap-letter{display:inline-block}<\/style>\t\t\t\t<div style=\"text-align: justify;\">\n<h3><span style=\"font-size: 18pt;\"><strong>Verantwortlicher f\u00fcr die Datenverarbeitung<\/strong><\/span><\/h3>\n<ul>\n<li>Casa Excelente SL<\/li>\n<li>Hasengartenstr. 42 \u2013 65388, Wiesbaden (Deutschland)<\/li>\n<li>Telefon: +34 600 050 103<\/li>\n<\/ul>\n<h3><span style=\"font-size: 18pt;\">Zwecke und Rechtsgrundlage der Verarbeitung<\/span><\/h3>\n<p>Casa Excelente verarbeitet die personenbezogenen Daten der Nutzer der Website zu den im Folgenden genannten Zwecken:<br>\nIm Zusammenhang mit dem &#8222;Kontaktformular&#8220; zur Kontaktaufnahme mit Casa Excelente.<br>\nZweck 1: Bearbeitung der betreffenden Anfrage und Zusendung der vom Benutzer gew\u00fcnschten Informationen.<br>\nRechtsgrundlage, die diese Verarbeitung legitimiert: die Ausf\u00fchrung der vertraglichen oder vorvertraglichen Beziehung mit Casa Excelente.<\/p>\n<h3><span style=\"font-size: 18pt;\">Adressaten<\/span><\/h3>\n<p>Die pers\u00f6nlichen Daten der Interessenten werden den unten angegebenen Empf\u00e4ngern mitgeteilt:<br>\nIm Zusammenhang mit dem &#8222;Kontaktformular&#8220;, um Casa Excelente zu kontaktieren.<br>\nKeine Weitergabe an Dritte.<br>\n\u00dcbertragungen in Drittl\u00e4nder.<br>\nEs gibt keine internationalen \u00dcbertragungen au\u00dferhalb der Europ\u00e4ischen Union.<\/p>\n<h3><span style=\"font-size: 18pt;\">Aufbewahrungsfristen<\/span><\/h3>\n<p>Die personenbezogenen Daten werden aufbewahrt:<\/p>\n<p>In Bezug auf das &#8222;Kontaktformular&#8220; zur Kontaktaufnahme mit Casa Excelente: bis der Nutzer die L\u00f6schung seiner Daten beantragt.<\/p>\n<h3><span style=\"font-size: 18pt;\">Rechte der betroffenen Personen<\/span><\/h3>\n<p>Los usuarios del sitio web podr\u00e1n ejercitar ante Casa Excelente, en la medida que sean aplicables, los siguientes derechos: acceso a los datos personales, rectificaci\u00f3n, supresi\u00f3n, limitaci\u00f3n del tratamiento, oposici\u00f3n al tratamiento, portabilidad de los datos y, cuando el tratamiento se base en el consentimiento, el derecho a retirarlo en cualquier momento.<\/p>\n<p>Die Nutzer der Website k\u00f6nnen gegen\u00fcber Casa Excelente die folgenden Rechte geltend machen, soweit sie anwendbar sind: Zugang zu personenbezogenen Daten, Berichtigung, L\u00f6schung, Einschr\u00e4nkung der Verarbeitung, Widerspruch gegen die Verarbeitung, Daten\u00fcbertragbarkeit und, wenn die Verarbeitung auf einer Einwilligung beruht, das Recht, diese jederzeit zu widerrufen.<\/p>\n<div id=\"cookies\"><\/div>\n<p>Die Nutzer k\u00f6nnen diese Rechte aus\u00fcben, indem sie sich ordnungsgem\u00e4\u00df mit ihrem Personalausweis ausweisen und sich per Post, E-Mail oder Telefon an uns wenden.<\/p>\n<p>Die Nutzer haben auch das Recht, sich bei der zust\u00e4ndigen Datenschutzbeh\u00f6rde (der spanischen Datenschutzbeh\u00f6rde) zu beschweren, wenn sie sich in ihren Rechten verletzt sehen.<\/p>\n<h3><span style=\"font-size: 32px;\">Cookie Politik<\/span><br><\/h3>\n<p>Cookies sind kleine Textdateien, die von den von Ihnen besuchten Websites erzeugt werden und Sitzungsdaten enthalten, die zu einem sp\u00e4teren Zeitpunkt auf der Website n\u00fctzlich sein k\u00f6nnen. Die Daten erm\u00f6glichen es der Website, Ihre Informationen zwischen den Seiten aufzubewahren und auch zu analysieren, wie Sie mit der Website interagieren. Cookies sind sicher, da sie nur Informationen speichern k\u00f6nnen, die vom Browser eingegeben werden, d. h. Informationen, die der Benutzer in den Browser eingegeben hat oder die in der Seitenanforderung enthalten sind. Sie k\u00f6nnen keinen Code ausf\u00fchren und nicht f\u00fcr den Zugriff auf Ihren Computer verwendet werden.<\/p>\n<p>Cookies sind f\u00fcr das Funktionieren des Internets unerl\u00e4sslich und bieten unz\u00e4hlige Vorteile bei der Bereitstellung interaktiver Dienste, der Erleichterung der Navigation und der Benutzerfreundlichkeit des Internets. Cookies k\u00f6nnen Ihrem Computer keinen Schaden zuf\u00fcgen, und wenn sie aktiviert sind, helfen sie, Fehler zu erkennen und zu beheben.<\/p>\n<p>Nachstehend finden Sie weitere Informationen zum besseren Verst\u00e4ndnis der verschiedenen Arten von Cookies, die verwendet werden k\u00f6nnen:<\/p>\n<p>&#8211; Sitzungscookies: Es handelt sich um tempor\u00e4re Cookies, die in der Cookie-Datei des Browsers verbleiben, bis Sie die Website verlassen, so dass keine von ihnen auf der Festplatte des Nutzers registriert bleiben. Die durch diese Cookies erhaltenen Informationen werden verwendet, um die Muster des Webverkehrs zu analysieren. Langfristig erm\u00f6glicht dies eine bessere Erfahrung, um den Inhalt zu verbessern und seine Nutzung zu erleichtern.<\/p>\n<p>&#8211; Permanente Cookies: Diese werden auf der Festplatte gespeichert und die Website liest sie bei jedem neuen Besuch aus. Trotz ihres Namens haben permanente Cookies ein bestimmtes Verfallsdatum. Nach diesem Datum funktioniert das Cookie nicht mehr. Sie werden im Allgemeinen verwendet, um die verschiedenen von Websites angebotenen Dienste zu erleichtern.<\/p>\n<p>Nachstehend finden Sie eine Liste der wichtigsten Cookies, die auf unseren Websites verwendet werden, wobei eine Unterscheidung getroffen wird:<\/p>\n<p>&#8211; Streng notwendige Cookies, wie z. B. solche, die das korrekte Surfen erm\u00f6glichen, oder solche, die die Bezahlung der vom Nutzer angeforderten Waren oder Dienstleistungen erm\u00f6glichen, oder Cookies, die das effiziente Laden des Inhalts der Website gew\u00e4hrleisten.<\/p>\n<p>&#8211; Cookies von Drittanbietern, wie z. B. die von sozialen Netzwerken oder von externen Inhalts-Plugins verwendeten.<\/p>\n<p>&#8211; Analytische Cookies f\u00fcr regelm\u00e4\u00dfige Wartungszwecke und um den bestm\u00f6glichen Service f\u00fcr den Nutzer zu gew\u00e4hrleisten, mit denen die Websites statistische Daten \u00fcber die Aktivit\u00e4t sammeln.<\/p>\n<p>Das verwendete Tool ist Google Analytics.<\/p>\n<p>Erg\u00e4nzende Garantien. Cookie-Verwaltung:<\/p>\n<p>Alle Internetbrowser bieten die M\u00f6glichkeit, das Verhalten eines Cookies einzuschr\u00e4nken oder Cookies in den Einstellungen oder Optionen des Browsers zu deaktivieren. Die entsprechenden Schritte sind von Browser zu Browser unterschiedlich und werden im Hilfemen\u00fc Ihres Browsers beschrieben.<\/p>\n<p>Bei vielen Browsern k\u00f6nnen Sie einen privaten Modus aktivieren, bei dem die Cookies nach dem Besuch immer gel\u00f6scht werden. Je nach Browser kann dieser private Modus unterschiedliche Namen haben. Nachstehend finden Sie eine Liste der g\u00e4ngigsten Browser mit einem Link zu den Cookie-Einstellungen und den verschiedenen Bezeichnungen dieses &#8222;privaten Modus&#8220;:<\/p>\n<ul>\n<li>Internet Explorer 8 und dar\u00fcber; Privat,&nbsp;<a href=\"https:\/\/windows.microsoft.com\/es-es\/windows-vista\/block-or-allow-cookies\">Cookie-Verwaltung<\/a><\/li>\n<li>Safari 2 und dar\u00fcber; Private Schifffahrt,&nbsp;<a href=\"https:\/\/support.apple.com\/es-es\/HT201265\">Cookie-Verwaltung<\/a><\/li>\n<li>Opera 10.5 und dar\u00fcber; Private Schifffahrt,&nbsp;<a href=\"https:\/\/help.opera.com\/Windows\/11.50\/es-ES\/cookies.html\">Cookie-Verwaltung<\/a><\/li>\n<li>FireFox 3.5 und dar\u00fcber; Private Schifffahrt,&nbsp;<a href=\"https:\/\/support.mozilla.org\/es\/kb\/habilitar-y-deshabilitar-cookies-sitios-web-rastrear-preferencias?redirectlocale=es&amp;redirectslug=habilitar-y-deshabilitar-cookies-que-los-sitios-we\">Cookie-Verwaltung<\/a><\/li>\n<li>Google Chrome 10und dar\u00fcber; Inkognito,&nbsp;<a href=\"https:\/\/support.google.com\/chrome\/answer\/95647?hl=es\">Cookie-Verwaltung<\/a><\/li>\n<\/ul>\n<p>DER WEBSITE-BESITZER kann bei der Erbringung von Dienstleistungen auf der Website Cookies verwenden. Cookies sind physische Dateien mit pers\u00f6nlichen Informationen, die auf dem Endger\u00e4t des Nutzers gespeichert werden. Der Nutzer hat die M\u00f6glichkeit, seinen Browser so zu konfigurieren, dass er die Erstellung von Cookie-Dateien verhindert oder davor warnt.<\/p>\n<p>Wenn Sie unsere Website \u00fcber Links zu Websites verlassen, die nicht zu unserem Unternehmen geh\u00f6ren, ist DER EIGENT\u00dcMER DER WEBSITE nicht verantwortlich f\u00fcr die Datenschutzrichtlinien dieser Websites oder f\u00fcr die Cookies, die sie auf dem Computer des Benutzers speichern k\u00f6nnen.<\/p>\n<p>Unsere Politik in Bezug auf E-Mails ist darauf ausgerichtet, nur Mitteilungen zu versenden, die Sie angefordert haben.<\/p>\n<p>Wenn Sie es vorziehen, diese Mitteilungen nicht per E-Mail zu erhalten, bieten wir Ihnen die M\u00f6glichkeit, von Ihrem Recht Gebrauch zu machen und auf den Erhalt dieser Mitteilungen zu verzichten, gem\u00e4\u00df den Bestimmungen von Titel III, Artikel 22 des Gesetzes 34\/2002 \u00fcber Dienstleistungen f\u00fcr die Informationsgesellschaft und den elektronischen Handel.<\/p>\n<\/div>\t\t\t\t\t\t<\/div>\n\t\t\t\t<\/div>\n\t\t\t\t\t<\/div>\n\t\t<\/div>\n\t\t\t\t\t\t\t<\/div>\n\t\t<\/section>\n\t\t\t\t\t<\/div>\n\t\t<\/div>\n\t\t\t\t\t\t\t<\/div>\n\t\t<\/section>\n\t\t\t\t\t\t\t<\/div>\n\t\t","protected":false},"excerpt":{"rendered":"<p>Verantwortlicher f\u00fcr die Datenverarbeitung Casa Excelente SL Hasengartenstr. 42 \u2013 65388, Wiesbaden (Deutschland) Telefon: +34 600 050 103 Zwecke und Rechtsgrundlage der Verarbeitung Casa Excelente verarbeitet die personenbezogenen Daten der Nutzer der Website zu den im Folgenden genannten Zwecken: Im Zusammenhang mit dem &#8222;Kontaktformular&#8220; zur Kontaktaufnahme mit [&hellip;]<\/p>\n","protected":false},"author":1,"featured_media":0,"parent":0,"menu_order":0,"comment_status":"closed","ping_status":"closed","template":"","meta":{"footnotes":""},"class_list":["post-10469","page","type-page","status-publish","hentry"],"yoast_head":"<!-- This site is optimized with the Yoast SEO Premium plugin v20.13 (Yoast SEO v20.13) - https:\/\/yoast.com\/wordpress\/plugins\/seo\/ -->\n<title>Datenschutzbestimmungen - Meditation Innerebuildung<\/title>\n<meta name=\"robots\" content=\"index, follow, max-snippet:-1, max-image-preview:large, max-video-preview:-1\" \/>\n<link rel=\"canonical\" href=\"https:\/\/meditation-innerebildung.com\/de\/datenschutzbestimmungen\/\" \/>\n<meta property=\"og:locale\" content=\"de_DE\" \/>\n<meta property=\"og:type\" content=\"article\" \/>\n<meta property=\"og:title\" content=\"Datenschutzbestimmungen\" \/>\n<meta property=\"og:description\" content=\"Verantwortlicher f\u00fcr die Datenverarbeitung Casa Excelente SL Hasengartenstr. 42 \u2013 65388, Wiesbaden (Deutschland) Telefon: +34 600 050 103 Zwecke und Rechtsgrundlage der Verarbeitung Casa Excelente verarbeitet die personenbezogenen Daten der Nutzer der Website zu den im Folgenden genannten Zwecken: Im Zusammenhang mit dem &#8222;Kontaktformular&#8220; zur Kontaktaufnahme mit [&hellip;]\" \/>\n<meta property=\"og:url\" content=\"https:\/\/meditation-innerebildung.com\/de\/datenschutzbestimmungen\/\" \/>\n<meta property=\"og:site_name\" content=\"Meditation Innerebuildung\" \/>\n<meta property=\"article:modified_time\" content=\"2023-07-26T08:06:57+00:00\" \/>\n<meta name=\"twitter:card\" content=\"summary_large_image\" \/>\n<meta name=\"twitter:label1\" content=\"Gesch\u00e4tzte Lesezeit\" \/>\n\t<meta name=\"twitter:data1\" content=\"5\u00a0Minuten\" \/>\n<script type=\"application\/ld+json\" class=\"yoast-schema-graph\">{\"@context\":\"https:\/\/schema.org\",\"@graph\":[{\"@type\":\"WebPage\",\"@id\":\"https:\/\/meditation-innerebildung.com\/de\/datenschutzbestimmungen\/\",\"url\":\"https:\/\/meditation-innerebildung.com\/de\/datenschutzbestimmungen\/\",\"name\":\"Datenschutzbestimmungen - Meditation Innerebuildung\",\"isPartOf\":{\"@id\":\"https:\/\/meditation-innerebildung.com\/#website\"},\"datePublished\":\"2023-06-08T12:38:23+00:00\",\"dateModified\":\"2023-07-26T08:06:57+00:00\",\"breadcrumb\":{\"@id\":\"https:\/\/meditation-innerebildung.com\/de\/datenschutzbestimmungen\/#breadcrumb\"},\"inLanguage\":\"de\",\"potentialAction\":[{\"@type\":\"ReadAction\",\"target\":[\"https:\/\/meditation-innerebildung.com\/de\/datenschutzbestimmungen\/\"]}]},{\"@type\":\"BreadcrumbList\",\"@id\":\"https:\/\/meditation-innerebildung.com\/de\/datenschutzbestimmungen\/#breadcrumb\",\"itemListElement\":[{\"@type\":\"ListItem\",\"position\":1,\"name\":\"Home\",\"item\":\"https:\/\/meditation-innerebildung.com\/de\/\"},{\"@type\":\"ListItem\",\"position\":2,\"name\":\"Datenschutzbestimmungen\"}]},{\"@type\":\"WebSite\",\"@id\":\"https:\/\/meditation-innerebildung.com\/#website\",\"url\":\"https:\/\/meditation-innerebildung.com\/\",\"name\":\"Meditation Innerebuildung\",\"description\":\"Centro de meditaci\u00f3n y educaci\u00f3n interior\",\"publisher\":{\"@id\":\"https:\/\/meditation-innerebildung.com\/#organization\"},\"potentialAction\":[{\"@type\":\"SearchAction\",\"target\":{\"@type\":\"EntryPoint\",\"urlTemplate\":\"https:\/\/meditation-innerebildung.com\/?s={search_term_string}\"},\"query-input\":\"required name=search_term_string\"}],\"inLanguage\":\"de\"},{\"@type\":\"Organization\",\"@id\":\"https:\/\/meditation-innerebildung.com\/#organization\",\"name\":\"Meditation Innerebuildung\",\"url\":\"https:\/\/meditation-innerebildung.com\/\",\"logo\":{\"@type\":\"ImageObject\",\"inLanguage\":\"de\",\"@id\":\"https:\/\/meditation-innerebildung.com\/#\/schema\/logo\/image\/\",\"url\":\"https:\/\/meditation-innerebildung.com\/wp-content\/uploads\/2023\/07\/logo-meditation-innerebildung.webp\",\"contentUrl\":\"https:\/\/meditation-innerebildung.com\/wp-content\/uploads\/2023\/07\/logo-meditation-innerebildung.webp\",\"width\":250,\"height\":125,\"caption\":\"Meditation Innerebuildung\"},\"image\":{\"@id\":\"https:\/\/meditation-innerebildung.com\/#\/schema\/logo\/image\/\"}}]}<\/script>\n<!-- \/ Yoast SEO Premium plugin. -->","yoast_head_json":{"title":"Datenschutzbestimmungen - Meditation Innerebuildung","robots":{"index":"index","follow":"follow","max-snippet":"max-snippet:-1","max-image-preview":"max-image-preview:large","max-video-preview":"max-video-preview:-1"},"canonical":"https:\/\/meditation-innerebildung.com\/de\/datenschutzbestimmungen\/","og_locale":"de_DE","og_type":"article","og_title":"Datenschutzbestimmungen","og_description":"Verantwortlicher f\u00fcr die Datenverarbeitung Casa Excelente SL Hasengartenstr. 42 \u2013 65388, Wiesbaden (Deutschland) Telefon: +34 600 050 103 Zwecke und Rechtsgrundlage der Verarbeitung Casa Excelente verarbeitet die personenbezogenen Daten der Nutzer der Website zu den im Folgenden genannten Zwecken: Im Zusammenhang mit dem &#8222;Kontaktformular&#8220; zur Kontaktaufnahme mit [&hellip;]","og_url":"https:\/\/meditation-innerebildung.com\/de\/datenschutzbestimmungen\/","og_site_name":"Meditation Innerebuildung","article_modified_time":"2023-07-26T08:06:57+00:00","twitter_card":"summary_large_image","twitter_misc":{"Gesch\u00e4tzte Lesezeit":"5\u00a0Minuten"},"schema":{"@context":"https:\/\/schema.org","@graph":[{"@type":"WebPage","@id":"https:\/\/meditation-innerebildung.com\/de\/datenschutzbestimmungen\/","url":"https:\/\/meditation-innerebildung.com\/de\/datenschutzbestimmungen\/","name":"Datenschutzbestimmungen - Meditation Innerebuildung","isPartOf":{"@id":"https:\/\/meditation-innerebildung.com\/#website"},"datePublished":"2023-06-08T12:38:23+00:00","dateModified":"2023-07-26T08:06:57+00:00","breadcrumb":{"@id":"https:\/\/meditation-innerebildung.com\/de\/datenschutzbestimmungen\/#breadcrumb"},"inLanguage":"de","potentialAction":[{"@type":"ReadAction","target":["https:\/\/meditation-innerebildung.com\/de\/datenschutzbestimmungen\/"]}]},{"@type":"BreadcrumbList","@id":"https:\/\/meditation-innerebildung.com\/de\/datenschutzbestimmungen\/#breadcrumb","itemListElement":[{"@type":"ListItem","position":1,"name":"Home","item":"https:\/\/meditation-innerebildung.com\/de\/"},{"@type":"ListItem","position":2,"name":"Datenschutzbestimmungen"}]},{"@type":"WebSite","@id":"https:\/\/meditation-innerebildung.com\/#website","url":"https:\/\/meditation-innerebildung.com\/","name":"Meditation Innerebuildung","description":"Centro de meditaci\u00f3n y educaci\u00f3n interior","publisher":{"@id":"https:\/\/meditation-innerebildung.com\/#organization"},"potentialAction":[{"@type":"SearchAction","target":{"@type":"EntryPoint","urlTemplate":"https:\/\/meditation-innerebildung.com\/?s={search_term_string}"},"query-input":"required name=search_term_string"}],"inLanguage":"de"},{"@type":"Organization","@id":"https:\/\/meditation-innerebildung.com\/#organization","name":"Meditation Innerebuildung","url":"https:\/\/meditation-innerebildung.com\/","logo":{"@type":"ImageObject","inLanguage":"de","@id":"https:\/\/meditation-innerebildung.com\/#\/schema\/logo\/image\/","url":"https:\/\/meditation-innerebildung.com\/wp-content\/uploads\/2023\/07\/logo-meditation-innerebildung.webp","contentUrl":"https:\/\/meditation-innerebildung.com\/wp-content\/uploads\/2023\/07\/logo-meditation-innerebildung.webp","width":250,"height":125,"caption":"Meditation Innerebuildung"},"image":{"@id":"https:\/\/meditation-innerebildung.com\/#\/schema\/logo\/image\/"}}]}},"_links":{"self":[{"href":"https:\/\/meditation-innerebildung.com\/de\/wp-json\/wp\/v2\/pages\/10469","targetHints":{"allow":["GET"]}}],"collection":[{"href":"https:\/\/meditation-innerebildung.com\/de\/wp-json\/wp\/v2\/pages"}],"about":[{"href":"https:\/\/meditation-innerebildung.com\/de\/wp-json\/wp\/v2\/types\/page"}],"author":[{"embeddable":true,"href":"https:\/\/meditation-innerebildung.com\/de\/wp-json\/wp\/v2\/users\/1"}],"replies":[{"embeddable":true,"href":"https:\/\/meditation-innerebildung.com\/de\/wp-json\/wp\/v2\/comments?post=10469"}],"version-history":[{"count":0,"href":"https:\/\/meditation-innerebildung.com\/de\/wp-json\/wp\/v2\/pages\/10469\/revisions"}],"wp:attachment":[{"href":"https:\/\/meditation-innerebildung.com\/de\/wp-json\/wp\/v2\/media?parent=10469"}],"curies":[{"name":"wp","href":"https:\/\/api.w.org\/{rel}","templated":true}]}}